{"id":109400,"date":"2022-04-08T09:17:05","date_gmt":"2022-04-08T16:17:05","guid":{"rendered":"https:\/\/dioceseofocstg.wpengine.com\/finance-council\/"},"modified":"2023-01-20T05:02:22","modified_gmt":"2023-01-20T13:02:22","slug":"finance-council","status":"publish","type":"page","link":"https:\/\/dioceseofocstg.wpengine.com\/es\/finance-council\/","title":{"rendered":"Consejos y Comit\u00e9s Diocesanos"},"content":{"rendered":"\t\t<div data-elementor-type=\"wp-page\" data-elementor-id=\"109400\" class=\"elementor elementor-109400 elementor-27250\" data-elementor-post-type=\"page\">\n\t\t\t\t\t\t<section class=\"elementor-section elementor-top-section elementor-element elementor-element-720d75c elementor-section-stretched elementor-section-boxed elementor-section-height-default elementor-section-height-default\" data-id=\"720d75c\" data-element_type=\"section\" data-settings=\"{&quot;stretch_section&quot;:&quot;section-stretched&quot;}\">\n\t\t\t\t\t\t<div class=\"elementor-container elementor-column-gap-default\">\n\t\t\t\t\t<div class=\"elementor-column elementor-col-100 elementor-top-column elementor-element elementor-element-acaf847\" data-id=\"acaf847\" data-element_type=\"column\">\n\t\t\t<div class=\"elementor-widget-wrap elementor-element-populated\">\n\t\t\t\t\t\t<div class=\"elementor-element elementor-element-ad2cc47 elementor-widget elementor-widget-text-editor\" data-id=\"ad2cc47\" data-element_type=\"widget\" data-widget_type=\"text-editor.default\">\n\t\t\t\t<div class=\"elementor-widget-container\">\n\t\t\t\t\t\t\t<p aria-level=\"2\">El mandato de cada miembro ser\u00e1 de cinco (5) a\u00f1os (canon 492 \u00a72), expirando cada a\u00f1o aproximadamente una quinta parte de los mandatos de los miembros. El mandato de cualquiera de estos miembros expirar\u00e1 al t\u00e9rmino de su duraci\u00f3n de cinco a\u00f1os. Los miembros pueden ser nombrados para otros mandatos de cinco a\u00f1os, a invitaci\u00f3n del Obispo. La duraci\u00f3n del mandato de cada miembro de un comit\u00e9 del Consejo de Finanzas ser\u00e1 de tres (3) a\u00f1os. La duraci\u00f3n del mandato del presidente y del vicepresidente ser\u00e1 de dos (2) a\u00f1os.<\/p>\n<h3>Miembros Ex-Oficio<\/h3>\n<ul>\n<li>\n              <span data-contrast=\"none\">Reverend\u00edsimo Kevin Vann<\/span>\n            <\/li>\n<li>\n              <span data-contrast=\"none\">Reverend\u00edsimo Timothy Freyer<\/span><br \/>\n              <span data-ccp-props=\"{\"> <\/span>\n            <\/li>\n<li>\n              <span data-contrast=\"none\">Reverend\u00edsimo Thanh Thai Nguyen<\/span>\n            <\/li>\n<li>\n              <span data-contrast=\"none\">Rev. Mons. Esteban Doktorczyk<\/span>\n            <\/li>\n<li>\n              <span data-contrast=\"none\">Muy Rev. Daniel B. Lector<\/span>\n            <\/li>\n<li>Rev. Angelos Sebastian<\/li>\n<\/ul>\n<h3>Miembros del Consejo de Finanzas<\/h3>\n<ul>\n<li>\n              <span data-contrast=\"none\">Sr. Tom Croal, Presidente<\/span>\n            <\/li>\n<li>\n              <span data-contrast=\"none\">Sr. Tom Greeley, Vicepresidente<\/span>\n            <\/li>\n<li>\n              <span data-contrast=\"none\">Sr. Gabriel Ferrucci<\/span>\n            <\/li>\n<li>\n              <span data-contrast=\"none\">Sr. Tim Psomas<\/span>\n            <\/li>\n<li>\n              <span data-contrast=\"none\">Sr. Kevin Tiber<\/span>\n            <\/li>\n<li>\n              <span data-contrast=\"none\">monse\u00f1or Lawrence J. Baird<\/span>\n            <\/li>\n<li>\n              <span data-contrast=\"none\">Rev. Steve Sallot<\/span><br \/>\n              <span data-ccp-props=\"{\"> <\/span>\n            <\/li>\n<li>\n              <span data-contrast=\"none\">Sr. Mary Bernadette McNulty<\/span>\n            <\/li>\n<\/ul>\n<h3>Miembros del Comit\u00e9 de Inversiones<\/h3>\n<ul>\n<li>\n              <span data-contrast=\"none\">Sr. Kevin Tiber, Presidente<\/span>\n            <\/li>\n<li>\n              <span data-contrast=\"none\">Sr. Gabriel Ferrucci<\/span>\n            <\/li>\n<li>\n              <span data-contrast=\"none\">Sr. Brian Finck<\/span>\n            <\/li>\n<li>Sr. Eduardo (Ed) Jordan<\/li>\n<li>Sr. Patrick D. Powers<\/li>\n<li>Sr. Y. Peter Chung<\/li>\n<\/ul>\n<h3>Miembros del Comit\u00e9 de Gesti\u00f3n de Riesgos<\/h3>\n<ul>\n<li>\n              <span data-contrast=\"none\">Sr. Jim Reed, Presidente<\/span>\n            <\/li>\n<li>\n              <span data-contrast=\"none\">Sr. Lucky Lippa<\/span>\n            <\/li>\n<li>\n              <span data-contrast=\"none\">Sr. Steve Ritter<\/span><br \/>\n              <span data-ccp-props=\"{\"> <\/span>\n            <\/li>\n<li>\n              <span data-contrast=\"none\">Di\u00e1cono Gerard Wallace<\/span><br \/>\n              <span data-ccp-props=\"{\"> <\/span>\n            <\/li>\n<\/ul>\n<h3>Miembros del Subcomit\u00e9 Inmobiliario y de Gesti\u00f3n de Activos<\/h3>\n<ul>\n<li>Sr. Tim Psomas, Presidente<\/li>\n<li>Sr. Rand Sperry, Vicepresidente<\/li>\n<li>Sr. Arthur Birtcher<\/li>\n<li>Sr. Duc Bui<\/li>\n<li>Sra. Sharon Hennessey<\/li>\n<li>Sr. John Markel<\/li>\n<li>Sr. Bill O&#8217;Connell<\/li>\n<li>Sr. Lou Oddo<\/li>\n<li>Sr. Ed Reynolds<\/li>\n<li>Sr. Tim Strader<\/li>\n<li>Rev. Mons. Esteban Doktorczyk<\/li>\n<li>Rev. Christopher Smith<\/li>\n<li>Rev. Steve Sallot<\/li>\n<\/ul>\n\t\t\t\t\t\t<\/div>\n\t\t\t\t<\/div>\n\t\t\t\t\t<\/div>\n\t\t<\/div>\n\t\t\t\t\t<\/div>\n\t\t<\/section>\n\t\t\t\t<\/div>\n\t\t","protected":false},"excerpt":{"rendered":"El mandato de cada miembro ser\u00e1 de cinco (5) a\u00f1os (canon 492 \u00a72), expirando cada a\u00f1o aproximadamente una quinta parte de los mandatos de los miembros. El mandato de cualquiera de estos miembros expirar\u00e1 al t\u00e9rmino de su duraci\u00f3n de cinco a\u00f1os. Los miembros pueden ser nombrados para otros mandatos de cinco a\u00f1os, a invitaci\u00f3n&#8230;","protected":false},"author":27,"featured_media":0,"parent":0,"menu_order":0,"comment_status":"closed","ping_status":"closed","template":"","meta":{"_acf_changed":false,"passster_activate_protection":null,"passster_protect_child_pages":"","passster_protection_type":"password","passster_password":"","passster_activate_overwrite_defaults":"","passster_headline":"","passster_instruction":"","passster_placeholder":"","passster_button":"","passster_id":"","passster_activate_misc_settings":"","passster_redirect_url":"","passster_hide":"no","passster_area_shortcode":"","footnotes":""},"coauthors":[2513],"class_list":["post-109400","page","type-page","status-publish","hentry","entry"],"acf":[],"yoast_head":"<!-- This site is optimized with the Yoast SEO plugin v24.8.1 - https:\/\/yoast.com\/wordpress\/plugins\/seo\/ -->\n<title>Consejos y Comit\u00e9s Diocesanos - nombre del RCBO<\/title>\n<meta name=\"robots\" content=\"noindex, follow, max-snippet:-1, max-image-preview:large, max-video-preview:-1\" \/>\n<meta property=\"og:locale\" content=\"es_ES\" \/>\n<meta property=\"og:type\" content=\"article\" \/>\n<meta property=\"og:title\" content=\"Consejos y Comit\u00e9s Diocesanos - nombre del RCBO\" \/>\n<meta property=\"og:description\" content=\"El mandato de cada miembro ser\u00e1 de cinco (5) a\u00f1os (canon 492 \u00a72), expirando cada a\u00f1o aproximadamente una quinta parte de los mandatos de los miembros. El mandato de cualquiera de estos miembros expirar\u00e1 al t\u00e9rmino de su duraci\u00f3n de cinco a\u00f1os. Los miembros pueden ser nombrados para otros mandatos de cinco a\u00f1os, a invitaci\u00f3n...\" \/>\n<meta property=\"og:url\" content=\"https:\/\/dioceseofocstg.wpengine.com\/es\/finance-council\/\" \/>\n<meta property=\"og:site_name\" content=\"RCBO\" \/>\n<meta property=\"article:modified_time\" content=\"2023-01-20T13:02:22+00:00\" \/>\n<meta name=\"twitter:card\" content=\"summary_large_image\" \/>\n<meta name=\"twitter:label1\" content=\"Tiempo de lectura\" \/>\n\t<meta name=\"twitter:data1\" content=\"1 minuto\" \/>\n\t<meta name=\"twitter:label2\" content=\"Written by\" \/>\n\t<meta name=\"twitter:data2\" content=\"Oscar Ira\" \/>\n<script type=\"application\/ld+json\" class=\"yoast-schema-graph\">{\"@context\":\"https:\/\/schema.org\",\"@graph\":[{\"@type\":\"WebPage\",\"@id\":\"https:\/\/dioceseofocstg.wpengine.com\/es\/finance-council\/\",\"url\":\"https:\/\/dioceseofocstg.wpengine.com\/es\/finance-council\/\",\"name\":\"Consejos y Comit\u00e9s Diocesanos - nombre del RCBO\",\"isPartOf\":{\"@id\":\"https:\/\/dioceseofocstg.wpengine.com\/es\/#website\"},\"datePublished\":\"2022-04-08T16:17:05+00:00\",\"dateModified\":\"2023-01-20T13:02:22+00:00\",\"inLanguage\":\"es\",\"potentialAction\":[{\"@type\":\"ReadAction\",\"target\":[\"https:\/\/dioceseofocstg.wpengine.com\/es\/finance-council\/\"]}]},{\"@type\":\"WebSite\",\"@id\":\"https:\/\/dioceseofocstg.wpengine.com\/es\/#website\",\"url\":\"https:\/\/dioceseofocstg.wpengine.com\/es\/\",\"name\":\"RCBO\",\"description\":\"The Roman Catholic Diocese of Orange\",\"publisher\":{\"@id\":\"https:\/\/dioceseofocstg.wpengine.com\/es\/#organization\"},\"potentialAction\":[{\"@type\":\"SearchAction\",\"target\":{\"@type\":\"EntryPoint\",\"urlTemplate\":\"https:\/\/dioceseofocstg.wpengine.com\/es\/?s={search_term_string}\"},\"query-input\":{\"@type\":\"PropertyValueSpecification\",\"valueRequired\":true,\"valueName\":\"search_term_string\"}}],\"inLanguage\":\"es\"},{\"@type\":\"Organization\",\"@id\":\"https:\/\/dioceseofocstg.wpengine.com\/es\/#organization\",\"name\":\"Di\u00f3cesis Cat\u00f3lica Romana de Orange\",\"alternateName\":\"RCBO\",\"url\":\"https:\/\/dioceseofocstg.wpengine.com\/es\/\",\"logo\":{\"@type\":\"ImageObject\",\"inLanguage\":\"es\",\"@id\":\"https:\/\/dioceseofocstg.wpengine.com\/es\/#\/schema\/logo\/image\/\",\"url\":\"https:\/\/dioceseofocstg.wpengine.com\/wp-content\/uploads\/2021\/12\/logo-black.png\",\"contentUrl\":\"https:\/\/dioceseofocstg.wpengine.com\/wp-content\/uploads\/2021\/12\/logo-black.png\",\"width\":215,\"height\":59,\"caption\":\"Di\u00f3cesis Cat\u00f3lica Romana de Orange\"},\"image\":{\"@id\":\"https:\/\/dioceseofocstg.wpengine.com\/es\/#\/schema\/logo\/image\/\"}}]}<\/script>\n<!-- \/ Yoast SEO plugin. -->","yoast_head_json":{"title":"Consejos y Comit\u00e9s Diocesanos - nombre del RCBO","robots":{"index":"noindex","follow":"follow","max-snippet":"max-snippet:-1","max-image-preview":"max-image-preview:large","max-video-preview":"max-video-preview:-1"},"og_locale":"es_ES","og_type":"article","og_title":"Consejos y Comit\u00e9s Diocesanos - nombre del RCBO","og_description":"El mandato de cada miembro ser\u00e1 de cinco (5) a\u00f1os (canon 492 \u00a72), expirando cada a\u00f1o aproximadamente una quinta parte de los mandatos de los miembros. El mandato de cualquiera de estos miembros expirar\u00e1 al t\u00e9rmino de su duraci\u00f3n de cinco a\u00f1os. Los miembros pueden ser nombrados para otros mandatos de cinco a\u00f1os, a invitaci\u00f3n...","og_url":"https:\/\/dioceseofocstg.wpengine.com\/es\/finance-council\/","og_site_name":"RCBO","article_modified_time":"2023-01-20T13:02:22+00:00","twitter_card":"summary_large_image","twitter_misc":{"Tiempo de lectura":"1 minuto","Written by":"Oscar Ira"},"schema":{"@context":"https:\/\/schema.org","@graph":[{"@type":"WebPage","@id":"https:\/\/dioceseofocstg.wpengine.com\/es\/finance-council\/","url":"https:\/\/dioceseofocstg.wpengine.com\/es\/finance-council\/","name":"Consejos y Comit\u00e9s Diocesanos - nombre del RCBO","isPartOf":{"@id":"https:\/\/dioceseofocstg.wpengine.com\/es\/#website"},"datePublished":"2022-04-08T16:17:05+00:00","dateModified":"2023-01-20T13:02:22+00:00","inLanguage":"es","potentialAction":[{"@type":"ReadAction","target":["https:\/\/dioceseofocstg.wpengine.com\/es\/finance-council\/"]}]},{"@type":"WebSite","@id":"https:\/\/dioceseofocstg.wpengine.com\/es\/#website","url":"https:\/\/dioceseofocstg.wpengine.com\/es\/","name":"RCBO","description":"The Roman Catholic Diocese of Orange","publisher":{"@id":"https:\/\/dioceseofocstg.wpengine.com\/es\/#organization"},"potentialAction":[{"@type":"SearchAction","target":{"@type":"EntryPoint","urlTemplate":"https:\/\/dioceseofocstg.wpengine.com\/es\/?s={search_term_string}"},"query-input":{"@type":"PropertyValueSpecification","valueRequired":true,"valueName":"search_term_string"}}],"inLanguage":"es"},{"@type":"Organization","@id":"https:\/\/dioceseofocstg.wpengine.com\/es\/#organization","name":"Di\u00f3cesis Cat\u00f3lica Romana de Orange","alternateName":"RCBO","url":"https:\/\/dioceseofocstg.wpengine.com\/es\/","logo":{"@type":"ImageObject","inLanguage":"es","@id":"https:\/\/dioceseofocstg.wpengine.com\/es\/#\/schema\/logo\/image\/","url":"https:\/\/dioceseofocstg.wpengine.com\/wp-content\/uploads\/2021\/12\/logo-black.png","contentUrl":"https:\/\/dioceseofocstg.wpengine.com\/wp-content\/uploads\/2021\/12\/logo-black.png","width":215,"height":59,"caption":"Di\u00f3cesis Cat\u00f3lica Romana de Orange"},"image":{"@id":"https:\/\/dioceseofocstg.wpengine.com\/es\/#\/schema\/logo\/image\/"}}]}},"_links":{"self":[{"href":"https:\/\/dioceseofocstg.wpengine.com\/es\/wp-json\/wp\/v2\/pages\/109400","targetHints":{"allow":["GET"]}}],"collection":[{"href":"https:\/\/dioceseofocstg.wpengine.com\/es\/wp-json\/wp\/v2\/pages"}],"about":[{"href":"https:\/\/dioceseofocstg.wpengine.com\/es\/wp-json\/wp\/v2\/types\/page"}],"author":[{"embeddable":true,"href":"https:\/\/dioceseofocstg.wpengine.com\/es\/wp-json\/wp\/v2\/users\/27"}],"replies":[{"embeddable":true,"href":"https:\/\/dioceseofocstg.wpengine.com\/es\/wp-json\/wp\/v2\/comments?post=109400"}],"version-history":[{"count":0,"href":"https:\/\/dioceseofocstg.wpengine.com\/es\/wp-json\/wp\/v2\/pages\/109400\/revisions"}],"wp:attachment":[{"href":"https:\/\/dioceseofocstg.wpengine.com\/es\/wp-json\/wp\/v2\/media?parent=109400"}],"wp:term":[{"taxonomy":"author","embeddable":true,"href":"https:\/\/dioceseofocstg.wpengine.com\/es\/wp-json\/wp\/v2\/coauthors?post=109400"}],"curies":[{"name":"wp","href":"https:\/\/api.w.org\/{rel}","templated":true}]}}