{"id":111729,"date":"2023-02-07T06:27:28","date_gmt":"2023-02-07T14:27:28","guid":{"rendered":"https:\/\/dioceseofocstg.wpengine.com\/leadership\/reverendisimo-angelos-sebastian\/"},"modified":"2023-10-23T10:09:17","modified_gmt":"2023-10-23T17:09:17","slug":"vicar-general","status":"publish","type":"page","link":"https:\/\/dioceseofocstg.wpengine.com\/es\/leadership\/vicar-general\/","title":{"rendered":"Reverend\u00edsimo Angelos Sebastian"},"content":{"rendered":"\t\t<div data-elementor-type=\"wp-post\" data-elementor-id=\"111729\" class=\"elementor elementor-111729 elementor-37777\" data-elementor-post-type=\"page\">\n\t\t\t\t\t\t<section class=\"elementor-section elementor-top-section elementor-element elementor-element-db9ce11 elementor-section-boxed elementor-section-height-default elementor-section-height-default\" data-id=\"db9ce11\" data-element_type=\"section\">\n\t\t\t\t\t\t<div class=\"elementor-container elementor-column-gap-default\">\n\t\t\t\t\t<div class=\"elementor-column elementor-col-100 elementor-top-column elementor-element elementor-element-5941504\" data-id=\"5941504\" data-element_type=\"column\">\n\t\t\t<div class=\"elementor-widget-wrap elementor-element-populated\">\n\t\t\t\t\t\t<div class=\"elementor-element elementor-element-92f2b48 elementor-widget elementor-widget-text-editor\" data-id=\"92f2b48\" data-element_type=\"widget\" data-widget_type=\"text-editor.default\">\n\t\t\t\t<div class=\"elementor-widget-container\">\n\t\t\t\t\t\t\t\n          <p>\nP. Angelos naci\u00f3 en la India y fue ordenado sacerdote en la di\u00f3cesis de Ajmer en 2001. All\u00ed trabaj\u00f3 en el seminario diocesano durante los dos primeros a\u00f1os y fue nombrado vicedirector del instituto diocesano, secretario del obispo, vicario parroquial de la catedral y coordinador diocesano de la juventud. Termin\u00f3 su m\u00e1ster en Ciencias Pol\u00edticas en 2004 e imparti\u00f3 clases en el instituto.<\/p>\n          \n\n          <p>Lleg\u00f3 a la di\u00f3cesis de Orange en 2007 invitado por el obispo Tod Brown y fue destinado a la iglesia de San Buenaventura de Huntington Beach como vicario parroquial. Mientras ejerc\u00eda su ministerio en la parroquia, prosigui\u00f3 sus estudios en Cal State Long Beach y obtuvo un m\u00e1ster en Psicolog\u00eda y Asesoramiento con especializaci\u00f3n en Terapia Matrimonial y Familiar. Despu\u00e9s de servir durante seis a\u00f1os, fue asignado a la Iglesia del Sant\u00edsimo Sacramento durante cuatro a\u00f1os, y a la Iglesia de San Kilian, donde actualmente es p\u00e1rroco.<\/p>\n          \n\n          <p>P. Angelos fue Decano del Decanato VI durante tres a\u00f1os, y Secretario del Consejo de Sacerdotes, Presidente del Consejo de Sacerdotes durante dos mandatos. El 24 de junio de 2022, fue nombrado Vicario General y Moderador de la Curia de la Di\u00f3cesis de Orange por Su Excelencia Reverend\u00edsima Kevin Vann, Obispo de Orange.<\/p>\n          \n\n          <p>El Vicario General es el funcionario de mayor rango en la di\u00f3cesis despu\u00e9s del Obispo y sus Auxiliares y tiene plena jurisdicci\u00f3n en todos los asuntos que el Obispo no se haya reservado a s\u00ed mismo o a otros por el derecho com\u00fan de la Iglesia. Como Moderador de la Curia, el Vicario General act\u00faa bajo la autoridad del Obispo. Esta oficina coordina los deberes administrativos y sirve como Oficial Ejecutivo sobre aquellos que ocupan cargos y ministran en varias capacidades para la di\u00f3cesis.<\/p>\n          \n\n          <p>Haciendo uso de su experiencia, integridad y prudencia, el Moderador de la Curia ofrece su opini\u00f3n al Obispo sobre una variedad de temas y asuntos a los que se enfrenta la di\u00f3cesis. Tambi\u00e9n le asiste en la atenci\u00f3n al clero y toma decisiones en materia de personal.<\/p>\n          \n\n          <p>&#8211;<\/p>\n          \n\n          <p>\n            <em>Para ponerse en contacto con nuestro Vicario General, el Rvdo. Angelos Sebastian, p\u00f3ngase en contacto con Gloria De Nomie en <a href=\"mailto:gdenomie@rcbo.org\">gdenomie@rcbo.org.<\/a><\/em>\n          <\/p>\n          \n\n        \t\t\t\t\t\t<\/div>\n\t\t\t\t<\/div>\n\t\t\t\t\t<\/div>\n\t\t<\/div>\n\t\t\t\t\t<\/div>\n\t\t<\/section>\n\t\t\t\t<\/div>\n\t\t","protected":false},"excerpt":{"rendered":"P. Angelos naci\u00f3 en la India y fue ordenado sacerdote en la di\u00f3cesis de Ajmer en 2001. All\u00ed trabaj\u00f3 en el seminario diocesano durante los dos primeros a\u00f1os y fue nombrado vicedirector del instituto diocesano, secretario del obispo, vicario parroquial de la catedral y coordinador diocesano de la juventud. Termin\u00f3 su m\u00e1ster en Ciencias Pol\u00edticas&#8230;","protected":false},"author":31,"featured_media":53379,"parent":158064,"menu_order":5,"comment_status":"closed","ping_status":"closed","template":"page-template\/leadership_sub_page_template.php","meta":{"_acf_changed":false,"passster_activate_protection":null,"passster_protect_child_pages":"","passster_protection_type":"password","passster_password":"","passster_activate_overwrite_defaults":"","passster_headline":"","passster_instruction":"","passster_placeholder":"","passster_button":"","passster_id":"","passster_activate_misc_settings":"","passster_redirect_url":"","passster_hide":"no","passster_area_shortcode":"","footnotes":""},"coauthors":[2531],"class_list":["post-111729","page","type-page","status-publish","has-post-thumbnail","hentry","entry"],"acf":[],"yoast_head":"<!-- This site is optimized with the Yoast SEO plugin v24.8.1 - https:\/\/yoast.com\/wordpress\/plugins\/seo\/ -->\n<title>Reverend\u00edsimo Angelos Sebastian - nombre del RCBO<\/title>\n<meta name=\"robots\" content=\"noindex, follow, max-snippet:-1, max-image-preview:large, max-video-preview:-1\" \/>\n<meta property=\"og:locale\" content=\"es_ES\" \/>\n<meta property=\"og:type\" content=\"article\" \/>\n<meta property=\"og:title\" content=\"Reverend\u00edsimo Angelos Sebastian - nombre del RCBO\" \/>\n<meta property=\"og:description\" content=\"P. Angelos naci\u00f3 en la India y fue ordenado sacerdote en la di\u00f3cesis de Ajmer en 2001. All\u00ed trabaj\u00f3 en el seminario diocesano durante los dos primeros a\u00f1os y fue nombrado vicedirector del instituto diocesano, secretario del obispo, vicario parroquial de la catedral y coordinador diocesano de la juventud. Termin\u00f3 su m\u00e1ster en Ciencias Pol\u00edticas...\" \/>\n<meta property=\"og:url\" content=\"https:\/\/dioceseofocstg.wpengine.com\/es\/leadership\/vicar-general\/\" \/>\n<meta property=\"og:site_name\" content=\"RCBO\" \/>\n<meta property=\"article:modified_time\" content=\"2023-10-23T17:09:17+00:00\" \/>\n<meta property=\"og:image\" content=\"https:\/\/dioceseofocstg.wpengine.com\/wp-content\/uploads\/2022\/07\/Angelos-Sebastian-1.webp\" \/>\n\t<meta property=\"og:image:width\" content=\"683\" \/>\n\t<meta property=\"og:image:height\" content=\"908\" \/>\n\t<meta property=\"og:image:type\" content=\"image\/webp\" \/>\n<meta name=\"twitter:card\" content=\"summary_large_image\" \/>\n<meta name=\"twitter:label1\" content=\"Tiempo de lectura\" \/>\n\t<meta name=\"twitter:data1\" content=\"2 minutos\" \/>\n\t<meta name=\"twitter:label2\" content=\"Written by\" \/>\n\t<meta name=\"twitter:data2\" content=\"Shay Ryan\" \/>\n<script type=\"application\/ld+json\" class=\"yoast-schema-graph\">{\"@context\":\"https:\/\/schema.org\",\"@graph\":[{\"@type\":\"WebPage\",\"@id\":\"https:\/\/dioceseofocstg.wpengine.com\/es\/leadership\/vicar-general\/\",\"url\":\"https:\/\/dioceseofocstg.wpengine.com\/es\/leadership\/vicar-general\/\",\"name\":\"Reverend\u00edsimo Angelos Sebastian - nombre del RCBO\",\"isPartOf\":{\"@id\":\"https:\/\/dioceseofocstg.wpengine.com\/es\/#website\"},\"primaryImageOfPage\":{\"@id\":\"https:\/\/dioceseofocstg.wpengine.com\/es\/leadership\/vicar-general\/#primaryimage\"},\"image\":{\"@id\":\"https:\/\/dioceseofocstg.wpengine.com\/es\/leadership\/vicar-general\/#primaryimage\"},\"thumbnailUrl\":\"https:\/\/dioceseofocstg.wpengine.com\/wp-content\/uploads\/2022\/07\/Angelos-Sebastian-1.webp\",\"datePublished\":\"2023-02-07T14:27:28+00:00\",\"dateModified\":\"2023-10-23T17:09:17+00:00\",\"breadcrumb\":{\"@id\":\"https:\/\/dioceseofocstg.wpengine.com\/es\/leadership\/vicar-general\/#breadcrumb\"},\"inLanguage\":\"es\",\"potentialAction\":[{\"@type\":\"ReadAction\",\"target\":[\"https:\/\/dioceseofocstg.wpengine.com\/es\/leadership\/vicar-general\/\"]}]},{\"@type\":\"ImageObject\",\"inLanguage\":\"es\",\"@id\":\"https:\/\/dioceseofocstg.wpengine.com\/es\/leadership\/vicar-general\/#primaryimage\",\"url\":\"https:\/\/dioceseofocstg.wpengine.com\/wp-content\/uploads\/2022\/07\/Angelos-Sebastian-1.webp\",\"contentUrl\":\"https:\/\/dioceseofocstg.wpengine.com\/wp-content\/uploads\/2022\/07\/Angelos-Sebastian-1.webp\",\"width\":683,\"height\":908},{\"@type\":\"BreadcrumbList\",\"@id\":\"https:\/\/dioceseofocstg.wpengine.com\/es\/leadership\/vicar-general\/#breadcrumb\",\"itemListElement\":[{\"@type\":\"ListItem\",\"position\":1,\"name\":\"Liderazgo\",\"item\":\"https:\/\/dioceseofocstg.wpengine.com\/es\/leadership\/\"},{\"@type\":\"ListItem\",\"position\":2,\"name\":\"Reverend\u00edsimo Angelos Sebastian\"}]},{\"@type\":\"WebSite\",\"@id\":\"https:\/\/dioceseofocstg.wpengine.com\/es\/#website\",\"url\":\"https:\/\/dioceseofocstg.wpengine.com\/es\/\",\"name\":\"RCBO\",\"description\":\"The Roman Catholic Diocese of Orange\",\"publisher\":{\"@id\":\"https:\/\/dioceseofocstg.wpengine.com\/es\/#organization\"},\"potentialAction\":[{\"@type\":\"SearchAction\",\"target\":{\"@type\":\"EntryPoint\",\"urlTemplate\":\"https:\/\/dioceseofocstg.wpengine.com\/es\/?s={search_term_string}\"},\"query-input\":{\"@type\":\"PropertyValueSpecification\",\"valueRequired\":true,\"valueName\":\"search_term_string\"}}],\"inLanguage\":\"es\"},{\"@type\":\"Organization\",\"@id\":\"https:\/\/dioceseofocstg.wpengine.com\/es\/#organization\",\"name\":\"Di\u00f3cesis Cat\u00f3lica Romana de Orange\",\"alternateName\":\"RCBO\",\"url\":\"https:\/\/dioceseofocstg.wpengine.com\/es\/\",\"logo\":{\"@type\":\"ImageObject\",\"inLanguage\":\"es\",\"@id\":\"https:\/\/dioceseofocstg.wpengine.com\/es\/#\/schema\/logo\/image\/\",\"url\":\"https:\/\/dioceseofocstg.wpengine.com\/wp-content\/uploads\/2021\/12\/logo-black.png\",\"contentUrl\":\"https:\/\/dioceseofocstg.wpengine.com\/wp-content\/uploads\/2021\/12\/logo-black.png\",\"width\":215,\"height\":59,\"caption\":\"Di\u00f3cesis Cat\u00f3lica Romana de Orange\"},\"image\":{\"@id\":\"https:\/\/dioceseofocstg.wpengine.com\/es\/#\/schema\/logo\/image\/\"}}]}<\/script>\n<!-- \/ Yoast SEO plugin. -->","yoast_head_json":{"title":"Reverend\u00edsimo Angelos Sebastian - nombre del RCBO","robots":{"index":"noindex","follow":"follow","max-snippet":"max-snippet:-1","max-image-preview":"max-image-preview:large","max-video-preview":"max-video-preview:-1"},"og_locale":"es_ES","og_type":"article","og_title":"Reverend\u00edsimo Angelos Sebastian - nombre del RCBO","og_description":"P. Angelos naci\u00f3 en la India y fue ordenado sacerdote en la di\u00f3cesis de Ajmer en 2001. All\u00ed trabaj\u00f3 en el seminario diocesano durante los dos primeros a\u00f1os y fue nombrado vicedirector del instituto diocesano, secretario del obispo, vicario parroquial de la catedral y coordinador diocesano de la juventud. Termin\u00f3 su m\u00e1ster en Ciencias Pol\u00edticas...","og_url":"https:\/\/dioceseofocstg.wpengine.com\/es\/leadership\/vicar-general\/","og_site_name":"RCBO","article_modified_time":"2023-10-23T17:09:17+00:00","og_image":[{"width":683,"height":908,"url":"https:\/\/dioceseofocstg.wpengine.com\/wp-content\/uploads\/2022\/07\/Angelos-Sebastian-1.webp","type":"image\/webp"}],"twitter_card":"summary_large_image","twitter_misc":{"Tiempo de lectura":"2 minutos","Written by":"Shay Ryan"},"schema":{"@context":"https:\/\/schema.org","@graph":[{"@type":"WebPage","@id":"https:\/\/dioceseofocstg.wpengine.com\/es\/leadership\/vicar-general\/","url":"https:\/\/dioceseofocstg.wpengine.com\/es\/leadership\/vicar-general\/","name":"Reverend\u00edsimo Angelos Sebastian - nombre del RCBO","isPartOf":{"@id":"https:\/\/dioceseofocstg.wpengine.com\/es\/#website"},"primaryImageOfPage":{"@id":"https:\/\/dioceseofocstg.wpengine.com\/es\/leadership\/vicar-general\/#primaryimage"},"image":{"@id":"https:\/\/dioceseofocstg.wpengine.com\/es\/leadership\/vicar-general\/#primaryimage"},"thumbnailUrl":"https:\/\/dioceseofocstg.wpengine.com\/wp-content\/uploads\/2022\/07\/Angelos-Sebastian-1.webp","datePublished":"2023-02-07T14:27:28+00:00","dateModified":"2023-10-23T17:09:17+00:00","breadcrumb":{"@id":"https:\/\/dioceseofocstg.wpengine.com\/es\/leadership\/vicar-general\/#breadcrumb"},"inLanguage":"es","potentialAction":[{"@type":"ReadAction","target":["https:\/\/dioceseofocstg.wpengine.com\/es\/leadership\/vicar-general\/"]}]},{"@type":"ImageObject","inLanguage":"es","@id":"https:\/\/dioceseofocstg.wpengine.com\/es\/leadership\/vicar-general\/#primaryimage","url":"https:\/\/dioceseofocstg.wpengine.com\/wp-content\/uploads\/2022\/07\/Angelos-Sebastian-1.webp","contentUrl":"https:\/\/dioceseofocstg.wpengine.com\/wp-content\/uploads\/2022\/07\/Angelos-Sebastian-1.webp","width":683,"height":908},{"@type":"BreadcrumbList","@id":"https:\/\/dioceseofocstg.wpengine.com\/es\/leadership\/vicar-general\/#breadcrumb","itemListElement":[{"@type":"ListItem","position":1,"name":"Liderazgo","item":"https:\/\/dioceseofocstg.wpengine.com\/es\/leadership\/"},{"@type":"ListItem","position":2,"name":"Reverend\u00edsimo Angelos Sebastian"}]},{"@type":"WebSite","@id":"https:\/\/dioceseofocstg.wpengine.com\/es\/#website","url":"https:\/\/dioceseofocstg.wpengine.com\/es\/","name":"RCBO","description":"The Roman Catholic Diocese of Orange","publisher":{"@id":"https:\/\/dioceseofocstg.wpengine.com\/es\/#organization"},"potentialAction":[{"@type":"SearchAction","target":{"@type":"EntryPoint","urlTemplate":"https:\/\/dioceseofocstg.wpengine.com\/es\/?s={search_term_string}"},"query-input":{"@type":"PropertyValueSpecification","valueRequired":true,"valueName":"search_term_string"}}],"inLanguage":"es"},{"@type":"Organization","@id":"https:\/\/dioceseofocstg.wpengine.com\/es\/#organization","name":"Di\u00f3cesis Cat\u00f3lica Romana de Orange","alternateName":"RCBO","url":"https:\/\/dioceseofocstg.wpengine.com\/es\/","logo":{"@type":"ImageObject","inLanguage":"es","@id":"https:\/\/dioceseofocstg.wpengine.com\/es\/#\/schema\/logo\/image\/","url":"https:\/\/dioceseofocstg.wpengine.com\/wp-content\/uploads\/2021\/12\/logo-black.png","contentUrl":"https:\/\/dioceseofocstg.wpengine.com\/wp-content\/uploads\/2021\/12\/logo-black.png","width":215,"height":59,"caption":"Di\u00f3cesis Cat\u00f3lica Romana de Orange"},"image":{"@id":"https:\/\/dioceseofocstg.wpengine.com\/es\/#\/schema\/logo\/image\/"}}]}},"_links":{"self":[{"href":"https:\/\/dioceseofocstg.wpengine.com\/es\/wp-json\/wp\/v2\/pages\/111729","targetHints":{"allow":["GET"]}}],"collection":[{"href":"https:\/\/dioceseofocstg.wpengine.com\/es\/wp-json\/wp\/v2\/pages"}],"about":[{"href":"https:\/\/dioceseofocstg.wpengine.com\/es\/wp-json\/wp\/v2\/types\/page"}],"author":[{"embeddable":true,"href":"https:\/\/dioceseofocstg.wpengine.com\/es\/wp-json\/wp\/v2\/users\/31"}],"replies":[{"embeddable":true,"href":"https:\/\/dioceseofocstg.wpengine.com\/es\/wp-json\/wp\/v2\/comments?post=111729"}],"version-history":[{"count":0,"href":"https:\/\/dioceseofocstg.wpengine.com\/es\/wp-json\/wp\/v2\/pages\/111729\/revisions"}],"up":[{"embeddable":true,"href":"https:\/\/dioceseofocstg.wpengine.com\/es\/wp-json\/wp\/v2\/pages\/158064"}],"wp:featuredmedia":[{"embeddable":true,"href":"https:\/\/dioceseofocstg.wpengine.com\/es\/wp-json\/wp\/v2\/media\/53379"}],"wp:attachment":[{"href":"https:\/\/dioceseofocstg.wpengine.com\/es\/wp-json\/wp\/v2\/media?parent=111729"}],"wp:term":[{"taxonomy":"author","embeddable":true,"href":"https:\/\/dioceseofocstg.wpengine.com\/es\/wp-json\/wp\/v2\/coauthors?post=111729"}],"curies":[{"name":"wp","href":"https:\/\/api.w.org\/{rel}","templated":true}]}}