{"id":111988,"date":"2023-02-08T07:15:04","date_gmt":"2023-02-08T15:15:04","guid":{"rendered":"https:\/\/dioceseofocstg.wpengine.com\/leadership\/reverendisimo-timothy-e-freyer-d-d\/"},"modified":"2023-10-06T06:08:55","modified_gmt":"2023-10-06T13:08:55","slug":"the-most-reverend-timothy-e-freyer","status":"publish","type":"page","link":"https:\/\/dioceseofocstg.wpengine.com\/es\/leadership\/the-most-reverend-timothy-e-freyer\/","title":{"rendered":"Reverend\u00edsimo Timothy E. Freyer, D.D."},"content":{"rendered":"\t\t<div data-elementor-type=\"wp-post\" data-elementor-id=\"111988\" class=\"elementor elementor-111988 elementor-629\" data-elementor-post-type=\"page\">\n\t\t\t\t\t\t<section class=\"elementor-section elementor-top-section elementor-element elementor-element-548fed20 elementor-section-boxed elementor-section-height-default elementor-section-height-default\" data-id=\"548fed20\" data-element_type=\"section\">\n\t\t\t\t\t\t<div class=\"elementor-container elementor-column-gap-default\">\n\t\t\t\t\t<div class=\"elementor-column elementor-col-100 elementor-top-column elementor-element elementor-element-5ca1fbee\" data-id=\"5ca1fbee\" data-element_type=\"column\">\n\t\t\t<div class=\"elementor-widget-wrap elementor-element-populated\">\n\t\t\t\t\t\t<div class=\"elementor-element elementor-element-7258d28d elementor-widget elementor-widget-text-editor\" data-id=\"7258d28d\" data-element_type=\"widget\" data-widget_type=\"text-editor.default\">\n\t\t\t\t<div class=\"elementor-widget-container\">\n\t\t\t\t\t\t\t\n          <p>\nEl reverendo Timothy E. Freyer tiene sus ra\u00edces en el sur de California. Naci\u00f3 en Los \u00c1ngeles y creci\u00f3 en Huntington Beach, a poca distancia de la catedral de Cristo en Garden Grove,<span style=\"color: #172b4d; font-family: -apple-system, BlinkMacSystemFont,;\">donde ejerce como obispo auxiliar<\/span>.<\/p>\n          \n\n          <p>Despu\u00e9s de graduarse de Huntington Beach High School, ingres\u00f3 a St. John&#8217;s Seminary College en Camarillo, CA, donde obtuvo su licenciatura, seguido de cuatro a\u00f1os en St. John&#8217;s Seminary donde, como estudiante de posgrado, estudi\u00f3 Teolog\u00eda.<\/p>\n          \n\n          <p>El obispo Freyer fue ordenado sacerdote el 10 de junio de 1989 y su primera asignaci\u00f3n fue como pastor asociado en la Iglesia St. Hedwig en Los Alamitos, dentro de la Di\u00f3cesis de Orange. Sirvi\u00f3 en ese cargo durante cinco a\u00f1os antes de ser asignado a la Iglesia de Nuestra Se\u00f1ora de F\u00e1tima en San Clemente. Cinco a\u00f1os m\u00e1s tarde, se mud\u00f3 a la iglesia St. Catherine of Siena en Laguna Beach, donde permaneci\u00f3 durante dos a\u00f1os.<\/p>\n          \n\n          <p>En 2001, el obispo Freyer fue nombrado p\u00e1rroco de la Iglesia St. Mary en Fullerton, y luego, en 2003, fue reasignado como p\u00e1rroco de la Iglesia St. Boniface en Anaheim.<\/p>\n          \n\n          <p>Fue nombrado Vicario Episcopal para los Sacerdotes en 2012, con la responsabilidad del cuidado y la formaci\u00f3n permanente de los sacerdotes de la Di\u00f3cesis de Orange. Adem\u00e1s, fue nombrado el primer enlace del obispo con el movimiento J\u00f3venes para Cristo (Adultos J\u00f3venes para Cristo) de 1998 a 2004, ayud\u00e1ndolos a escribir sus estatutos y revisar su plan de formaci\u00f3n, as\u00ed como ayud\u00e1ndolos a abrir cap\u00edtulos en California. Texas y Oreg\u00f3n.<\/p>\n          \n\n          <p>El obispo Tim se desempe\u00f1\u00f3 como uno de los miembros fundadores de la junta del Centro de Justicia Familiar de Anaheim (ahora llamado Centro de Justicia Familiar del Condado de Orange) que ayuda a las v\u00edctimas de violencia dom\u00e9stica. Sirvi\u00f3 dos mandatos como miembro de la junta directiva del Centro M\u00e9dico St. Jude en Fullerton y contin\u00faa sirviendo en el Comit\u00e9 de Beneficios Comunitarios que supervisa los programas de cuidado para los pobres del Centro M\u00e9dico. Actualmente es capell\u00e1n de polic\u00eda del Departamento de Polic\u00eda de Anaheim.<\/p>\n          \n\n          <p>El obispo Freyer es el \u00fanico hijo de Jerry y Patricia Freyer. Su padre muri\u00f3 en 1977. Su madre muri\u00f3 en 2022.<\/p>\n          \n\n          <p>Para contactar con el Obispo Auxiliar Freyer, p\u00f3ngase en contacto con <a href=\"mailto:savila@rcbo.org\">Santiago \u00c1vila<\/a><\/p>\n        \t\t\t\t\t\t<\/div>\n\t\t\t\t<\/div>\n\t\t\t\t\t<\/div>\n\t\t<\/div>\n\t\t\t\t\t<\/div>\n\t\t<\/section>\n\t\t\t\t<\/div>\n\t\t","protected":false},"excerpt":{"rendered":"El reverendo Timothy E. Freyer tiene sus ra\u00edces en el sur de California. Naci\u00f3 en Los \u00c1ngeles y creci\u00f3 en Huntington Beach, a poca distancia de la catedral de Cristo en Garden Grove,donde ejerce como obispo auxiliar. Despu\u00e9s de graduarse de Huntington Beach High School, ingres\u00f3 a St. John&#8217;s Seminary College en Camarillo, CA, donde&#8230;","protected":false},"author":1,"featured_media":53371,"parent":158064,"menu_order":1,"comment_status":"closed","ping_status":"closed","template":"page-template\/leadership_sub_page_template.php","meta":{"_acf_changed":false,"passster_activate_protection":null,"passster_protect_child_pages":"","passster_protection_type":"password","passster_password":"","passster_activate_overwrite_defaults":"","passster_headline":"","passster_instruction":"","passster_placeholder":"","passster_button":"","passster_id":"","passster_activate_misc_settings":"","passster_redirect_url":"","passster_hide":"no","passster_area_shortcode":"","footnotes":""},"coauthors":[2407],"class_list":["post-111988","page","type-page","status-publish","has-post-thumbnail","hentry","entry"],"acf":[],"yoast_head":"<!-- This site is optimized with the Yoast SEO plugin v24.8.1 - https:\/\/yoast.com\/wordpress\/plugins\/seo\/ -->\n<title>Reverend\u00edsimo Timothy E. Freyer, D.D. - nombre del RCBO<\/title>\n<meta name=\"robots\" content=\"noindex, follow, max-snippet:-1, max-image-preview:large, max-video-preview:-1\" \/>\n<meta property=\"og:locale\" content=\"es_ES\" \/>\n<meta property=\"og:type\" content=\"article\" \/>\n<meta property=\"og:title\" content=\"Reverend\u00edsimo Timothy E. Freyer, D.D. - nombre del RCBO\" \/>\n<meta property=\"og:description\" content=\"El reverendo Timothy E. Freyer tiene sus ra\u00edces en el sur de California. Naci\u00f3 en Los \u00c1ngeles y creci\u00f3 en Huntington Beach, a poca distancia de la catedral de Cristo en Garden Grove,donde ejerce como obispo auxiliar. Despu\u00e9s de graduarse de Huntington Beach High School, ingres\u00f3 a St. John&#8217;s Seminary College en Camarillo, CA, donde...\" \/>\n<meta property=\"og:url\" content=\"https:\/\/dioceseofocstg.wpengine.com\/es\/leadership\/the-most-reverend-timothy-e-freyer\/\" \/>\n<meta property=\"og:site_name\" content=\"RCBO\" \/>\n<meta property=\"article:modified_time\" content=\"2023-10-06T13:08:55+00:00\" \/>\n<meta property=\"og:image\" content=\"https:\/\/dioceseofocstg.wpengine.com\/wp-content\/uploads\/2021\/09\/Timothy-E.-Freyer-1.webp\" \/>\n\t<meta property=\"og:image:width\" content=\"455\" \/>\n\t<meta property=\"og:image:height\" content=\"605\" \/>\n\t<meta property=\"og:image:type\" content=\"image\/webp\" \/>\n<meta name=\"twitter:card\" content=\"summary_large_image\" \/>\n<meta name=\"twitter:label1\" content=\"Tiempo de lectura\" \/>\n\t<meta name=\"twitter:data1\" content=\"2 minutos\" \/>\n\t<meta name=\"twitter:label2\" content=\"Written by\" \/>\n\t<meta name=\"twitter:data2\" content=\"rcbo\" \/>\n<script type=\"application\/ld+json\" class=\"yoast-schema-graph\">{\"@context\":\"https:\/\/schema.org\",\"@graph\":[{\"@type\":\"WebPage\",\"@id\":\"https:\/\/dioceseofocstg.wpengine.com\/es\/leadership\/the-most-reverend-timothy-e-freyer\/\",\"url\":\"https:\/\/dioceseofocstg.wpengine.com\/es\/leadership\/the-most-reverend-timothy-e-freyer\/\",\"name\":\"Reverend\u00edsimo Timothy E. Freyer, D.D. - nombre del RCBO\",\"isPartOf\":{\"@id\":\"https:\/\/dioceseofocstg.wpengine.com\/es\/#website\"},\"primaryImageOfPage\":{\"@id\":\"https:\/\/dioceseofocstg.wpengine.com\/es\/leadership\/the-most-reverend-timothy-e-freyer\/#primaryimage\"},\"image\":{\"@id\":\"https:\/\/dioceseofocstg.wpengine.com\/es\/leadership\/the-most-reverend-timothy-e-freyer\/#primaryimage\"},\"thumbnailUrl\":\"https:\/\/dioceseofocstg.wpengine.com\/wp-content\/uploads\/2021\/09\/Timothy-E.-Freyer-1.webp\",\"datePublished\":\"2023-02-08T15:15:04+00:00\",\"dateModified\":\"2023-10-06T13:08:55+00:00\",\"breadcrumb\":{\"@id\":\"https:\/\/dioceseofocstg.wpengine.com\/es\/leadership\/the-most-reverend-timothy-e-freyer\/#breadcrumb\"},\"inLanguage\":\"es\",\"potentialAction\":[{\"@type\":\"ReadAction\",\"target\":[\"https:\/\/dioceseofocstg.wpengine.com\/es\/leadership\/the-most-reverend-timothy-e-freyer\/\"]}]},{\"@type\":\"ImageObject\",\"inLanguage\":\"es\",\"@id\":\"https:\/\/dioceseofocstg.wpengine.com\/es\/leadership\/the-most-reverend-timothy-e-freyer\/#primaryimage\",\"url\":\"https:\/\/dioceseofocstg.wpengine.com\/wp-content\/uploads\/2021\/09\/Timothy-E.-Freyer-1.webp\",\"contentUrl\":\"https:\/\/dioceseofocstg.wpengine.com\/wp-content\/uploads\/2021\/09\/Timothy-E.-Freyer-1.webp\",\"width\":455,\"height\":605},{\"@type\":\"BreadcrumbList\",\"@id\":\"https:\/\/dioceseofocstg.wpengine.com\/es\/leadership\/the-most-reverend-timothy-e-freyer\/#breadcrumb\",\"itemListElement\":[{\"@type\":\"ListItem\",\"position\":1,\"name\":\"Liderazgo\",\"item\":\"https:\/\/dioceseofocstg.wpengine.com\/es\/leadership\/\"},{\"@type\":\"ListItem\",\"position\":2,\"name\":\"Reverend\u00edsimo Timothy E. Freyer, D.D.\"}]},{\"@type\":\"WebSite\",\"@id\":\"https:\/\/dioceseofocstg.wpengine.com\/es\/#website\",\"url\":\"https:\/\/dioceseofocstg.wpengine.com\/es\/\",\"name\":\"RCBO\",\"description\":\"The Roman Catholic Diocese of Orange\",\"publisher\":{\"@id\":\"https:\/\/dioceseofocstg.wpengine.com\/es\/#organization\"},\"potentialAction\":[{\"@type\":\"SearchAction\",\"target\":{\"@type\":\"EntryPoint\",\"urlTemplate\":\"https:\/\/dioceseofocstg.wpengine.com\/es\/?s={search_term_string}\"},\"query-input\":{\"@type\":\"PropertyValueSpecification\",\"valueRequired\":true,\"valueName\":\"search_term_string\"}}],\"inLanguage\":\"es\"},{\"@type\":\"Organization\",\"@id\":\"https:\/\/dioceseofocstg.wpengine.com\/es\/#organization\",\"name\":\"Di\u00f3cesis Cat\u00f3lica Romana de Orange\",\"alternateName\":\"RCBO\",\"url\":\"https:\/\/dioceseofocstg.wpengine.com\/es\/\",\"logo\":{\"@type\":\"ImageObject\",\"inLanguage\":\"es\",\"@id\":\"https:\/\/dioceseofocstg.wpengine.com\/es\/#\/schema\/logo\/image\/\",\"url\":\"https:\/\/dioceseofocstg.wpengine.com\/wp-content\/uploads\/2021\/12\/logo-black.png\",\"contentUrl\":\"https:\/\/dioceseofocstg.wpengine.com\/wp-content\/uploads\/2021\/12\/logo-black.png\",\"width\":215,\"height\":59,\"caption\":\"Di\u00f3cesis Cat\u00f3lica Romana de Orange\"},\"image\":{\"@id\":\"https:\/\/dioceseofocstg.wpengine.com\/es\/#\/schema\/logo\/image\/\"}}]}<\/script>\n<!-- \/ Yoast SEO plugin. -->","yoast_head_json":{"title":"Reverend\u00edsimo Timothy E. Freyer, D.D. - nombre del RCBO","robots":{"index":"noindex","follow":"follow","max-snippet":"max-snippet:-1","max-image-preview":"max-image-preview:large","max-video-preview":"max-video-preview:-1"},"og_locale":"es_ES","og_type":"article","og_title":"Reverend\u00edsimo Timothy E. Freyer, D.D. - nombre del RCBO","og_description":"El reverendo Timothy E. Freyer tiene sus ra\u00edces en el sur de California. Naci\u00f3 en Los \u00c1ngeles y creci\u00f3 en Huntington Beach, a poca distancia de la catedral de Cristo en Garden Grove,donde ejerce como obispo auxiliar. Despu\u00e9s de graduarse de Huntington Beach High School, ingres\u00f3 a St. John&#8217;s Seminary College en Camarillo, CA, donde...","og_url":"https:\/\/dioceseofocstg.wpengine.com\/es\/leadership\/the-most-reverend-timothy-e-freyer\/","og_site_name":"RCBO","article_modified_time":"2023-10-06T13:08:55+00:00","og_image":[{"width":455,"height":605,"url":"https:\/\/dioceseofocstg.wpengine.com\/wp-content\/uploads\/2021\/09\/Timothy-E.-Freyer-1.webp","type":"image\/webp"}],"twitter_card":"summary_large_image","twitter_misc":{"Tiempo de lectura":"2 minutos","Written by":"rcbo"},"schema":{"@context":"https:\/\/schema.org","@graph":[{"@type":"WebPage","@id":"https:\/\/dioceseofocstg.wpengine.com\/es\/leadership\/the-most-reverend-timothy-e-freyer\/","url":"https:\/\/dioceseofocstg.wpengine.com\/es\/leadership\/the-most-reverend-timothy-e-freyer\/","name":"Reverend\u00edsimo Timothy E. Freyer, D.D. - nombre del RCBO","isPartOf":{"@id":"https:\/\/dioceseofocstg.wpengine.com\/es\/#website"},"primaryImageOfPage":{"@id":"https:\/\/dioceseofocstg.wpengine.com\/es\/leadership\/the-most-reverend-timothy-e-freyer\/#primaryimage"},"image":{"@id":"https:\/\/dioceseofocstg.wpengine.com\/es\/leadership\/the-most-reverend-timothy-e-freyer\/#primaryimage"},"thumbnailUrl":"https:\/\/dioceseofocstg.wpengine.com\/wp-content\/uploads\/2021\/09\/Timothy-E.-Freyer-1.webp","datePublished":"2023-02-08T15:15:04+00:00","dateModified":"2023-10-06T13:08:55+00:00","breadcrumb":{"@id":"https:\/\/dioceseofocstg.wpengine.com\/es\/leadership\/the-most-reverend-timothy-e-freyer\/#breadcrumb"},"inLanguage":"es","potentialAction":[{"@type":"ReadAction","target":["https:\/\/dioceseofocstg.wpengine.com\/es\/leadership\/the-most-reverend-timothy-e-freyer\/"]}]},{"@type":"ImageObject","inLanguage":"es","@id":"https:\/\/dioceseofocstg.wpengine.com\/es\/leadership\/the-most-reverend-timothy-e-freyer\/#primaryimage","url":"https:\/\/dioceseofocstg.wpengine.com\/wp-content\/uploads\/2021\/09\/Timothy-E.-Freyer-1.webp","contentUrl":"https:\/\/dioceseofocstg.wpengine.com\/wp-content\/uploads\/2021\/09\/Timothy-E.-Freyer-1.webp","width":455,"height":605},{"@type":"BreadcrumbList","@id":"https:\/\/dioceseofocstg.wpengine.com\/es\/leadership\/the-most-reverend-timothy-e-freyer\/#breadcrumb","itemListElement":[{"@type":"ListItem","position":1,"name":"Liderazgo","item":"https:\/\/dioceseofocstg.wpengine.com\/es\/leadership\/"},{"@type":"ListItem","position":2,"name":"Reverend\u00edsimo Timothy E. Freyer, D.D."}]},{"@type":"WebSite","@id":"https:\/\/dioceseofocstg.wpengine.com\/es\/#website","url":"https:\/\/dioceseofocstg.wpengine.com\/es\/","name":"RCBO","description":"The Roman Catholic Diocese of Orange","publisher":{"@id":"https:\/\/dioceseofocstg.wpengine.com\/es\/#organization"},"potentialAction":[{"@type":"SearchAction","target":{"@type":"EntryPoint","urlTemplate":"https:\/\/dioceseofocstg.wpengine.com\/es\/?s={search_term_string}"},"query-input":{"@type":"PropertyValueSpecification","valueRequired":true,"valueName":"search_term_string"}}],"inLanguage":"es"},{"@type":"Organization","@id":"https:\/\/dioceseofocstg.wpengine.com\/es\/#organization","name":"Di\u00f3cesis Cat\u00f3lica Romana de Orange","alternateName":"RCBO","url":"https:\/\/dioceseofocstg.wpengine.com\/es\/","logo":{"@type":"ImageObject","inLanguage":"es","@id":"https:\/\/dioceseofocstg.wpengine.com\/es\/#\/schema\/logo\/image\/","url":"https:\/\/dioceseofocstg.wpengine.com\/wp-content\/uploads\/2021\/12\/logo-black.png","contentUrl":"https:\/\/dioceseofocstg.wpengine.com\/wp-content\/uploads\/2021\/12\/logo-black.png","width":215,"height":59,"caption":"Di\u00f3cesis Cat\u00f3lica Romana de Orange"},"image":{"@id":"https:\/\/dioceseofocstg.wpengine.com\/es\/#\/schema\/logo\/image\/"}}]}},"_links":{"self":[{"href":"https:\/\/dioceseofocstg.wpengine.com\/es\/wp-json\/wp\/v2\/pages\/111988","targetHints":{"allow":["GET"]}}],"collection":[{"href":"https:\/\/dioceseofocstg.wpengine.com\/es\/wp-json\/wp\/v2\/pages"}],"about":[{"href":"https:\/\/dioceseofocstg.wpengine.com\/es\/wp-json\/wp\/v2\/types\/page"}],"author":[{"embeddable":true,"href":"https:\/\/dioceseofocstg.wpengine.com\/es\/wp-json\/wp\/v2\/users\/1"}],"replies":[{"embeddable":true,"href":"https:\/\/dioceseofocstg.wpengine.com\/es\/wp-json\/wp\/v2\/comments?post=111988"}],"version-history":[{"count":0,"href":"https:\/\/dioceseofocstg.wpengine.com\/es\/wp-json\/wp\/v2\/pages\/111988\/revisions"}],"up":[{"embeddable":true,"href":"https:\/\/dioceseofocstg.wpengine.com\/es\/wp-json\/wp\/v2\/pages\/158064"}],"wp:featuredmedia":[{"embeddable":true,"href":"https:\/\/dioceseofocstg.wpengine.com\/es\/wp-json\/wp\/v2\/media\/53371"}],"wp:attachment":[{"href":"https:\/\/dioceseofocstg.wpengine.com\/es\/wp-json\/wp\/v2\/media?parent=111988"}],"wp:term":[{"taxonomy":"author","embeddable":true,"href":"https:\/\/dioceseofocstg.wpengine.com\/es\/wp-json\/wp\/v2\/coauthors?post=111988"}],"curies":[{"name":"wp","href":"https:\/\/api.w.org\/{rel}","templated":true}]}}