{"id":114010,"date":"2023-02-20T01:32:01","date_gmt":"2023-02-20T09:32:01","guid":{"rendered":"https:\/\/dioceseofocstg.wpengine.com\/covid-19-updates\/"},"modified":"2023-02-20T01:32:02","modified_gmt":"2023-02-20T09:32:02","slug":"covid-19-updates","status":"publish","type":"page","link":"https:\/\/dioceseofocstg.wpengine.com\/es\/covid-19-updates\/","title":{"rendered":"Actualizaciones de COVID-19"},"content":{"rendered":"\t\t<div data-elementor-type=\"wp-page\" data-elementor-id=\"114010\" class=\"elementor elementor-114010 elementor-6971\" data-elementor-post-type=\"page\">\n\t\t\t\t\t\t<section class=\"elementor-section elementor-top-section elementor-element elementor-element-bb83b18 elementor-section-boxed elementor-section-height-default elementor-section-height-default\" data-id=\"bb83b18\" data-element_type=\"section\">\n\t\t\t\t\t\t<div class=\"elementor-container elementor-column-gap-default\">\n\t\t\t\t\t<div class=\"elementor-column elementor-col-100 elementor-top-column elementor-element elementor-element-26a1a20\" data-id=\"26a1a20\" data-element_type=\"column\">\n\t\t\t<div class=\"elementor-widget-wrap elementor-element-populated\">\n\t\t\t\t\t\t<div class=\"elementor-element elementor-element-51976e7 elementor-widget elementor-widget-text-editor\" data-id=\"51976e7\" data-element_type=\"widget\" data-widget_type=\"text-editor.default\">\n\t\t\t\t<div class=\"elementor-widget-container\">\n\t\t\t\t\t\t\t\n          <div>\n        <h3 dir=\"auto\">Declaraciones de la Di\u00f3cesis de Orange sobre COVID-19<\/h3>\n        <p dir=\"auto\">Se reanudan algunas misas en el interior &#8211; 8 de febrero de 2021 <a href=\"https:\/\/dioceseofocstg.wpengine.com\/es\/se-reanudan-algunas-misas-en-interiores\/\" target=\"_blank\" rel=\"noopener\">https:\/\/rcbo.org\/covid-19-updates\/some-indoor-masses-resume\/<\/a><\/p>\n        <p dir=\"auto\">Declaraci\u00f3n de los obispos de la Di\u00f3cesis de Orange: Vac\u00fanese para proteger su salud y la de su comunidad (ingl\u00e9s y espa\u00f1ol) &#8211; 28 de enero de 2021\n        <a href=\"https:\/\/dioceseofocstg.wpengine.com\/es\/diocese-of-orange-bishops-statement-vaccinate-to-protect-health-of-yourself-and-your-community\/\" target=\"_blank\" rel=\"nofollow noopener noreferrer\">https:\/\/rcbo.org\/covid-19-updates\/diocese-of-orange-bishops-statement-vaccinate-to-protect-health-of-yourself-and-your-community\/<\/a><\/p>\n        <p dir=\"auto\">Dispensa de la misa dominical &#8211; FAQ&nbsp; <a href=\"https:\/\/dioceseofocstg.wpengine.com\/es\/dispensa-de-la-misa-dominical-preguntas-frecuentes\/\" target=\"_blank\" rel=\"noopener\">https:\/\/rcbo.org\/covid-19-updates\/dispensation-from-sunday-mass-faqs\/<\/a><\/p>\n        <p dir=\"auto\">La Di\u00f3cesis de Orange responde al cierre en todo el estado de la actividad bajo techo en los lugares de culto &#8211; 13 de julio de 2020 <a href=\"\/wp-content\/uploads\/2022\/02\/Statement-from-the-Diocese-of-Orange.pdf\" target=\"_blank\" rel=\"nofollow noopener noreferrer\">https:\/\/rcbo.org\/wp-content\/uploads\/2022\/02\/Statement-from-the-Diocese-of-Orange.pdf<\/a><\/p>\n        <p dir=\"auto\">La Di\u00f3cesis de Orange cierra iglesias y ampl\u00eda la lista de iglesias que retransmiten misas en directo &#8211; 20 de marzo de 2020 <a href=\"https:\/\/dioceseofocstg.wpengine.com\/es\/iglesias-cerradas-la-diocesis-del-condado-de-orange-amplia-la-lista-de-iglesias-catolicas-que-transmiten-misas-en-vivo-todos-los-dias-y-los-domingos\/\" target=\"_blank\" rel=\"noopener\">https:\/\/rcbo.org\/covid-19-updates\/churches-closed-orange-county-diocese-expands-list-of-catholic-churches-livestreaming-masses-daily-and-on-sundays\/<\/a><\/p>\n        <p dir=\"auto\">Se suspenden las misas en la Di\u00f3cesis de Orange, pero las puertas permanecen abiertas para las visitas individuales &#8211; 17 de marzo de 2020 <a href=\"https:\/\/dioceseofocstg.wpengine.com\/es\/actualizacion-de-coronavirus-17-de-marzo-de-2020\/\" target=\"_blank\" rel=\"noopener\">https:\/\/rcbo.org\/covid-19-updates\/coronavirus-update-march-17-2020\/<\/a><\/p>\n        <p dir=\"auto\">Importante actualizaci\u00f3n de COVID-19 &#8211; 17 de marzo de 2020 <a href=\"https:\/\/dioceseofocstg.wpengine.com\/es\/importante-actualizacion-de-covid-19-17-de-marzo-de-2020\/\" target=\"_blank\" rel=\"noopener\">https:\/\/rcbo.org\/covid-19-updates\/importante-actualizacion-de-covid-19-march-17-2020\/<\/a><\/p>\n        <p dir=\"auto\">Declaraci\u00f3n actualizada &#8211; Coronavirus (COVID-19) &#8211; 14 de marzo de 2020 <a href=\"https:\/\/dioceseofocstg.wpengine.com\/es\/actualizacion-de-coronavirus-14-de-marzo-de-2020\/\" target=\"_blank\" rel=\"noopener\">https:\/\/rcbo.org\/covid-19-updates\/coronavirus-update-march-14-2020\/<\/a><\/p>\n        <p dir=\"auto\">Declaraci\u00f3n actualizada &#8211; Coronavirus (COVID-19) &#8211; 12 de marzo de 2020 <a href=\"https:\/\/dioceseofocstg.wpengine.com\/es\/declaracion-actualizada-coronavirus-covid-19-12-de-marzo-de-2020\/\" target=\"_blank\" rel=\"noopener\">https:\/\/rcbo.org\/covid-19-updates\/updated-statement-coronavirus-covid-19-march-12-2020\/<\/a><\/p>\n        \n        <h3 dir=\"auto\">Informaci\u00f3n y Educaci\u00f3n P\u00fablica \u2014 COVID-19<\/h3>\n        <p dir=\"auto\">Qu\u00e9 hacer para mantenerse a salvo: informaci\u00f3n de los CDC, la Agencia de Atenci\u00f3n M\u00e9dica de OC y m\u00e1s.<\/p>\n        <p dir=\"auto\">Centros para el Control y la Prevenci\u00f3n de Enfermedades (CDC): <a href=\"https:\/\/www.cdc.gov\/\" target=\"_blank\" rel=\"nofollow noopener noreferrer\">https:\/\/www.cdc.gov\/<\/a><\/p>\n        <p dir=\"auto\">P\u00e1gina de datos de los CDC: <a href=\"https:\/\/www.cdc.gov\/coronavirus\/2019-nCoV\/index.html\" target=\"_blank\" rel=\"nofollow noopener noreferrer\">https:\/\/www.cdc.gov\/coronavirus\/2019-nCoV\/index.html<\/a><\/p>\n        <p dir=\"auto\">P\u00e1gina de los CDC sobre la prevenci\u00f3n de COVID-19 en las comunidades: <a href=\"https:\/\/www.cdc.gov\/coronavirus\/2019-ncov\/community\/\" target=\"_blank\" rel=\"nofollow noopener noreferrer\">https:\/\/www.cdc.gov\/coronavirus\/2019-ncov\/community\/<\/a><\/p>\n        <p dir=\"auto\">El Departamento de Salud P\u00fablica de California: <a href=\"http:\/\/cdph.ca.gov\/covid19\" target=\"_blank\" rel=\"nofollow noopener noreferrer\">cdph.ca.gov\/covid19<\/a><\/p>\n        <p dir=\"auto\">Agencia de atenci\u00f3n m\u00e9dica de OC: <a href=\"https:\/\/www.ochealthinfo.com\/\" target=\"_blank\" rel=\"nofollow noopener noreferrer\">https:\/\/www.ochealthinfo.com\/<\/a><\/p>\n        <p dir=\"auto\">Informaci\u00f3n de la Agencia de Atenci\u00f3n M\u00e9dica de OC sobre el nuevo coronavirus (COVID-19): <a href=\"https:\/\/www.ochealthinfo.com\/phs\/about\/epidasmt\/epi\/dip\/prevention\/novel_coronavirus\" target=\"_blank\" rel=\"nofollow noopener noreferrer\">https:\/\/www.ochealthinfo.com\/phs\/about\/epidasmt\/epi\/dip\/prevention\/novel_coronavirus<\/a><\/p>\n        <p dir=\"auto\">Actualizaciones de las Escuelas Cat\u00f3licas de la Di\u00f3cesis de Orange: <a href=\"https:\/\/occatholicschools.org\/updates\/\" target=\"_blank\" rel=\"nofollow noopener noreferrer\">https:\/\/occatholicschools.org\/updates\/<\/a><\/p>\n        <p dir=\"auto\">Actualizaciones del Departamento de Educaci\u00f3n del Condado de Orange: <a href=\"https:\/\/newsroom.ocde.us\/coronavirus-update\/\" target=\"_blank\" rel=\"nofollow noopener noreferrer\">https:\/\/newsroom.ocde.us\/coronavirus-update\/<\/a><\/p>\n        \n        <h3 dir=\"auto\">Atenci\u00f3n pastoral en respuesta al COVID-19<\/h3>\n        <p dir=\"auto\">Tengo preguntas sobre la atenci\u00f3n pastoral y COVID-19 &#8230;<br>\n  Tengo preguntas sobre las escuelas y COVID-19 &#8230;<\/p>\n        <p dir=\"auto\">Centros para el Control y la Prevenci\u00f3n de Enfermedades: <a href=\"https:\/\/www.cdc.gov\/\" target=\"_blank\" rel=\"nofollow noopener noreferrer\">https:\/\/www.cdc.gov\/<\/a><\/p>\n        <p dir=\"auto\">P\u00e1gina de datos de los CDC: <a href=\"https:\/\/www.cdc.gov\/coronavirus\/2019-nCoV\/index.html\" target=\"_blank\" rel=\"nofollow noopener noreferrer\">https:\/\/www.cdc.gov\/coronavirus\/2019-nCoV\/index.html<\/a><\/p>\n        <p dir=\"auto\">P\u00e1gina de los CDC sobre la prevenci\u00f3n de COVID-19 en las comunidades: <a href=\"https:\/\/www.cdc.gov\/coronavirus\/2019-ncov\/community\/\" target=\"_blank\" rel=\"nofollow noopener noreferrer\">https:\/\/www.cdc.gov\/coronavirus\/2019-ncov\/community\/<\/a><\/p>\n        <p dir=\"auto\">Agencia de atenci\u00f3n m\u00e9dica de OC: <a href=\"https:\/\/www.ochealthinfo.com\/\" target=\"_blank\" rel=\"nofollow noopener noreferrer\">https:\/\/www.ochealthinfo.com\/<\/a><\/p>\n        <p dir=\"auto\">Actualizaciones de las Escuelas Cat\u00f3licas de la Di\u00f3cesis de Orange <a href=\"https:\/\/occatholicschools.org\/updates\/\" target=\"_blank\" rel=\"nofollow noopener noreferrer\">https:\/\/occatholicschools.org\/updates\/<\/a><\/p>\n        <p dir=\"auto\">Actualizaciones del Departamento de Educaci\u00f3n del Condado de Orange: <a href=\"https:\/\/newsroom.ocde.us\/coronavirus-update\/\" target=\"_blank\" rel=\"nofollow noopener noreferrer\">https:\/\/newsroom.ocde.us\/coronavirus-update\/<\/a><\/p>\n        \n        <h3 dir=\"auto\">Recursos matrimoniales y familiares<\/h3>\n        <p dir=\"auto\">Salud mental <a href=\"https:\/\/dioceseofocstg.wpengine.com\/es\/salud-conductual\/\" target=\"_blank\" rel=\"noopener\">https:\/\/rcbo.org\/covid-19-updates\/behavioral-health\/<\/a><\/p>\n        <p dir=\"auto\"><a href=\"https:\/\/dioceseofocstg.wpengine.com\/es\/apoyo-de-duelo-y-duelo\/\" target=\"_blank\" rel=\"noopener\">Duelo https:\/\/rcbo.org\/covid-19-updates\/bereavement-grief-support\/<\/a><\/p>\n        <p dir=\"auto\">Divorciados\/Separados Ministerio <a href=\"https:\/\/dioceseofocstg.wpengine.com\/es\/divorciado-separado-y-viudo\/\" target=\"_blank\" rel=\"noopener\">https:\/\/rcbo.org\/covid-19-updates\/divorced-separated-widowed\/<\/a><\/p>\n        <p dir=\"auto\">Preparaci\u00f3n al matrimonio <a href=\"https:\/\/dioceseofocstg.wpengine.com\/es\/preparacion-matrimonial\/\" target=\"_blank\" rel=\"noopener\">https:\/\/rcbo.org\/covid-19-updates\/marriage-preparation\/<\/a><\/p>\n        <p dir=\"auto\">Enriquecimiento matrimonial&nbsp; <a href=\"\/covid-19-updates\/marriage-enrichment-resources\/\" target=\"_blank\" rel=\"noopener\">https:\/\/rcbo.org\/covid-19-updates\/marriage-enrichment-resources\/<\/a><\/p>\n        \n        <h3 dir=\"auto\">Oraci\u00f3n y transmisi\u00f3n en vivo de misas para los confinados en casa durante la crisis de COVID-19<\/h3>\n        <p dir=\"auto\">El Obispo Vann anunci\u00f3 que todos los cat\u00f3licos del Condado de Orange que est\u00e9n enfermos, preocupados por la posibilidad de enfermar o que deseen mantenerse alejados de las grandes multitudes ser\u00e1n dispensados de su obligaci\u00f3n de asistir a misa. <a href=\"https:\/\/dioceseofocstg.wpengine.com\/es\/misa-para-los-confinados-en-casa\/\" target=\"_blank\" rel=\"noopener\">https:\/\/rcbo.org\/covid-19-updates\/mass-for-the-homebound\/<\/a><\/p>\n        <!-- <p dir=\"auto\">Mass for the Catholic deaf and hearing impaired who use American Sign Language. <a href=\"https:\/\/dioceseofocstg.wpengine.com\/resource\/masses-for-the-catholic-deaf-and-hard-of-hearing-community-that-use-american-sign-language\/\" target=\"_blank\" rel=\"nofollow noopener noreferrer\">https:\/\/dioceseofocstg.wpengine.com\/resource\/masses-for-the-catholic-deaf-and-hard-of-hearing-community-that-use-american-sign-language\/<\/a><\/p>\n        -->\n        <p dir=\"auto\">Misa para los cat\u00f3licos sordos y con problemas de audici\u00f3n que usan el lenguaje de se\u00f1as americano. <a href=\"https:\/\/occatholicdeaf.org\/\" target=\"_blank\" rel=\"nofollow noopener noreferrer\">https:\/\/occatholicdeaf.org\/<\/a><\/p>\n        <p dir=\"auto\">Otras formas de celebrar la Misa, as\u00ed como oraciones durante este tiempo. <a href=\"https:\/\/dioceseofocstg.wpengine.com\/es\/oracion-y-misa-por-los-confinados-en-casa-covid-19\/\" target=\"_blank\" rel=\"noopener\">https:\/\/rcbo.org\/covid-19-updates\/prayer-and-mass-for-the-homebound-covid-19\/<\/a><\/p>\n        \n        <h3 dir=\"auto\">OC Catholic: Reflexiones pastorales sobre COVID-19<\/h3>\n        <p dir=\"auto\">Homil\u00eda del obispo Vann del 15 de marzo de 2020, pronunciada desde la Catedral de Cristo, Garden Grove, CA. <a href=\"https:\/\/occatholic.com\/bishop-kevin-vann-march-15-homily-from-christ-cathedral\/\" target=\"_blank\" rel=\"nofollow noopener noreferrer\">https:\/\/occatholic.com\/bishop-kevin-vann-march-15-homily-from-christ-cathedral\/<\/a><\/p>\n        <p dir=\"auto\">P. Homil\u00eda de Martin Vu, pronunciada desde la Iglesia de Santiago de Compostela en Lake Forest, CA. <a href=\"https:\/\/occatholic.com\/how-do-catholics-respond-to-the-coronavirus\/\" target=\"_blank\" rel=\"nofollow noopener noreferrer\">https:\/\/occatholic.com\/how-do-catholics-respond-to-the-coronavirus\/<\/a><\/p>\n        \n        <h3 dir=\"auto\">Respuesta de las Escuelas Cat\u00f3licas de la Di\u00f3cesis de Orange al COVID-19<\/h3>\n        <p dir=\"auto\">Actualizaci\u00f3n de COVID-19 de la Superintendente de Escuelas Cat\u00f3licas Dra. Erin Barisano &#8211; 13 de marzo de 2020 <a href=\"https:\/\/occatholicschools.org\/updates\/\" target=\"_blank\" rel=\"nofollow noopener noreferrer\">https:\/\/occatholicschools.org\/updates\/<\/a><\/p>\n        <p dir=\"auto\">Recursos para padres y alumnos en casa <a href=\"https:\/\/dioceseofocstg.wpengine.com\/es\/recursos-para-padres-y-estudiantes-en-el-hogar-covid-19\/\" target=\"_blank\" rel=\"noopener\">https:\/\/rcbo.org\/covid-19-updates\/resources-for-parents-and-students-at-home-covid-19\/<\/a><\/p>\n        <p dir=\"auto\">Informaci\u00f3n del Departamento de Educaci\u00f3n del Condado de Orange <a href=\"https:\/\/ocde.us\/Pages\/COVID-19.aspx\" target=\"_blank\" rel=\"nofollow noopener noreferrer\">https:\/\/ocde.us\/Pages\/COVID-19.aspx<\/a><\/p>\n<\/div>\n        \t\t\t\t\t\t<\/div>\n\t\t\t\t<\/div>\n\t\t\t\t<div class=\"elementor-element elementor-element-dab5286 special_tags elementor-widget elementor-widget-text-editor\" data-id=\"dab5286\" data-element_type=\"widget\" data-widget_type=\"text-editor.default\">\n\t\t\t\t<div class=\"elementor-widget-container\">\n\t\t\t\t\t\t\t\n          <div>\n            \n\n            <ul>\n \t<li>Centros para el Control y la Prevenci\u00f3n de Enfermedades<\/li>\n \t<li>Centros para el control de enfermedades<\/li>\n \t<li>coronavirus<\/li>\n \t<li>COVID-19<\/li>\n \t<li>prueba de covid<\/li>\n \t<li>COVID-19<\/li>\n \t<li>Departamento<\/li>\n \t<li>dispensaciones<\/li>\n \t<li>educaci\u00f3n<\/li>\n \t<li>dolor<\/li>\n \t<li>agencia de salud<\/li>\n \t<li>interior<\/li>\n \t<li>mandatos<\/li>\n \t<li>masas<\/li>\n \t<li>pandemia<\/li>\n \t<li>reflexiones pastorales<\/li>\n \t<li>salud p\u00fablica<\/li>\n \t<li>escuelas<\/li>\n \t<li>vacunaci\u00f3n<\/li>\n \t<li>vacuna<\/li>\n<\/ul>\n            \n\n          <\/div>\n        \t\t\t\t\t\t<\/div>\n\t\t\t\t<\/div>\n\t\t\t\t\t<\/div>\n\t\t<\/div>\n\t\t\t\t\t<\/div>\n\t\t<\/section>\n\t\t\t\t<\/div>\n\t\t","protected":false},"excerpt":{"rendered":"Declaraciones de la Di\u00f3cesis de Orange sobre COVID-19 Se reanudan algunas misas en el interior &#8211; 8 de febrero de 2021 https:\/\/rcbo.org\/covid-19-updates\/some-indoor-masses-resume\/ Declaraci\u00f3n de los obispos de la Di\u00f3cesis de Orange: Vac\u00fanese para proteger su salud y la de su comunidad (ingl\u00e9s y espa\u00f1ol) &#8211; 28 de enero de 2021 https:\/\/rcbo.org\/covid-19-updates\/diocese-of-orange-bishops-statement-vaccinate-to-protect-health-of-yourself-and-your-community\/ Dispensa de la misa&#8230;","protected":false},"author":1,"featured_media":0,"parent":0,"menu_order":0,"comment_status":"closed","ping_status":"closed","template":"","meta":{"_acf_changed":false,"passster_activate_protection":false,"passster_protect_child_pages":"","passster_protection_type":"password","passster_password":"","passster_activate_overwrite_defaults":"","passster_headline":"","passster_instruction":"","passster_placeholder":"","passster_button":"","passster_id":"","passster_activate_misc_settings":"","passster_redirect_url":"","passster_hide":"no","passster_area_shortcode":"","footnotes":""},"coauthors":[2407],"class_list":["post-114010","page","type-page","status-publish","hentry","entry"],"acf":[],"yoast_head":"<!-- This site is optimized with the Yoast SEO plugin v24.8.1 - https:\/\/yoast.com\/wordpress\/plugins\/seo\/ -->\n<title>Actualizaciones de COVID-19 - nombre del RCBO<\/title>\n<meta name=\"robots\" content=\"noindex, follow, max-snippet:-1, max-image-preview:large, max-video-preview:-1\" \/>\n<meta property=\"og:locale\" content=\"es_ES\" \/>\n<meta property=\"og:type\" content=\"article\" \/>\n<meta property=\"og:title\" content=\"Actualizaciones de COVID-19 - nombre del RCBO\" \/>\n<meta property=\"og:description\" content=\"Declaraciones de la Di\u00f3cesis de Orange sobre COVID-19 Se reanudan algunas misas en el interior &#8211; 8 de febrero de 2021 https:\/\/rcbo.org\/covid-19-updates\/some-indoor-masses-resume\/ Declaraci\u00f3n de los obispos de la Di\u00f3cesis de Orange: Vac\u00fanese para proteger su salud y la de su comunidad (ingl\u00e9s y espa\u00f1ol) &#8211; 28 de enero de 2021 https:\/\/rcbo.org\/covid-19-updates\/diocese-of-orange-bishops-statement-vaccinate-to-protect-health-of-yourself-and-your-community\/ Dispensa de la misa...\" \/>\n<meta property=\"og:url\" content=\"https:\/\/dioceseofocstg.wpengine.com\/es\/covid-19-updates\/\" \/>\n<meta property=\"og:site_name\" content=\"RCBO\" \/>\n<meta property=\"article:modified_time\" content=\"2023-02-20T09:32:02+00:00\" \/>\n<meta name=\"twitter:card\" content=\"summary_large_image\" \/>\n<meta name=\"twitter:label1\" content=\"Tiempo de lectura\" \/>\n\t<meta name=\"twitter:data1\" content=\"4 minutos\" \/>\n\t<meta name=\"twitter:label2\" content=\"Written by\" \/>\n\t<meta name=\"twitter:data2\" content=\"rcbo\" \/>\n<script type=\"application\/ld+json\" class=\"yoast-schema-graph\">{\"@context\":\"https:\/\/schema.org\",\"@graph\":[{\"@type\":\"WebPage\",\"@id\":\"https:\/\/dioceseofocstg.wpengine.com\/es\/covid-19-updates\/\",\"url\":\"https:\/\/dioceseofocstg.wpengine.com\/es\/covid-19-updates\/\",\"name\":\"Actualizaciones de COVID-19 - nombre del RCBO\",\"isPartOf\":{\"@id\":\"https:\/\/dioceseofocstg.wpengine.com\/es\/#website\"},\"datePublished\":\"2023-02-20T09:32:01+00:00\",\"dateModified\":\"2023-02-20T09:32:02+00:00\",\"inLanguage\":\"es\",\"potentialAction\":[{\"@type\":\"ReadAction\",\"target\":[\"https:\/\/dioceseofocstg.wpengine.com\/es\/covid-19-updates\/\"]}]},{\"@type\":\"WebSite\",\"@id\":\"https:\/\/dioceseofocstg.wpengine.com\/es\/#website\",\"url\":\"https:\/\/dioceseofocstg.wpengine.com\/es\/\",\"name\":\"RCBO\",\"description\":\"The Roman Catholic Diocese of Orange\",\"publisher\":{\"@id\":\"https:\/\/dioceseofocstg.wpengine.com\/es\/#organization\"},\"potentialAction\":[{\"@type\":\"SearchAction\",\"target\":{\"@type\":\"EntryPoint\",\"urlTemplate\":\"https:\/\/dioceseofocstg.wpengine.com\/es\/?s={search_term_string}\"},\"query-input\":{\"@type\":\"PropertyValueSpecification\",\"valueRequired\":true,\"valueName\":\"search_term_string\"}}],\"inLanguage\":\"es\"},{\"@type\":\"Organization\",\"@id\":\"https:\/\/dioceseofocstg.wpengine.com\/es\/#organization\",\"name\":\"Di\u00f3cesis Cat\u00f3lica Romana de Orange\",\"alternateName\":\"RCBO\",\"url\":\"https:\/\/dioceseofocstg.wpengine.com\/es\/\",\"logo\":{\"@type\":\"ImageObject\",\"inLanguage\":\"es\",\"@id\":\"https:\/\/dioceseofocstg.wpengine.com\/es\/#\/schema\/logo\/image\/\",\"url\":\"https:\/\/dioceseofocstg.wpengine.com\/wp-content\/uploads\/2021\/12\/logo-black.png\",\"contentUrl\":\"https:\/\/dioceseofocstg.wpengine.com\/wp-content\/uploads\/2021\/12\/logo-black.png\",\"width\":215,\"height\":59,\"caption\":\"Di\u00f3cesis Cat\u00f3lica Romana de Orange\"},\"image\":{\"@id\":\"https:\/\/dioceseofocstg.wpengine.com\/es\/#\/schema\/logo\/image\/\"}}]}<\/script>\n<!-- \/ Yoast SEO plugin. -->","yoast_head_json":{"title":"Actualizaciones de COVID-19 - nombre del RCBO","robots":{"index":"noindex","follow":"follow","max-snippet":"max-snippet:-1","max-image-preview":"max-image-preview:large","max-video-preview":"max-video-preview:-1"},"og_locale":"es_ES","og_type":"article","og_title":"Actualizaciones de COVID-19 - nombre del RCBO","og_description":"Declaraciones de la Di\u00f3cesis de Orange sobre COVID-19 Se reanudan algunas misas en el interior &#8211; 8 de febrero de 2021 https:\/\/rcbo.org\/covid-19-updates\/some-indoor-masses-resume\/ Declaraci\u00f3n de los obispos de la Di\u00f3cesis de Orange: Vac\u00fanese para proteger su salud y la de su comunidad (ingl\u00e9s y espa\u00f1ol) &#8211; 28 de enero de 2021 https:\/\/rcbo.org\/covid-19-updates\/diocese-of-orange-bishops-statement-vaccinate-to-protect-health-of-yourself-and-your-community\/ Dispensa de la misa...","og_url":"https:\/\/dioceseofocstg.wpengine.com\/es\/covid-19-updates\/","og_site_name":"RCBO","article_modified_time":"2023-02-20T09:32:02+00:00","twitter_card":"summary_large_image","twitter_misc":{"Tiempo de lectura":"4 minutos","Written by":"rcbo"},"schema":{"@context":"https:\/\/schema.org","@graph":[{"@type":"WebPage","@id":"https:\/\/dioceseofocstg.wpengine.com\/es\/covid-19-updates\/","url":"https:\/\/dioceseofocstg.wpengine.com\/es\/covid-19-updates\/","name":"Actualizaciones de COVID-19 - nombre del RCBO","isPartOf":{"@id":"https:\/\/dioceseofocstg.wpengine.com\/es\/#website"},"datePublished":"2023-02-20T09:32:01+00:00","dateModified":"2023-02-20T09:32:02+00:00","inLanguage":"es","potentialAction":[{"@type":"ReadAction","target":["https:\/\/dioceseofocstg.wpengine.com\/es\/covid-19-updates\/"]}]},{"@type":"WebSite","@id":"https:\/\/dioceseofocstg.wpengine.com\/es\/#website","url":"https:\/\/dioceseofocstg.wpengine.com\/es\/","name":"RCBO","description":"The Roman Catholic Diocese of Orange","publisher":{"@id":"https:\/\/dioceseofocstg.wpengine.com\/es\/#organization"},"potentialAction":[{"@type":"SearchAction","target":{"@type":"EntryPoint","urlTemplate":"https:\/\/dioceseofocstg.wpengine.com\/es\/?s={search_term_string}"},"query-input":{"@type":"PropertyValueSpecification","valueRequired":true,"valueName":"search_term_string"}}],"inLanguage":"es"},{"@type":"Organization","@id":"https:\/\/dioceseofocstg.wpengine.com\/es\/#organization","name":"Di\u00f3cesis Cat\u00f3lica Romana de Orange","alternateName":"RCBO","url":"https:\/\/dioceseofocstg.wpengine.com\/es\/","logo":{"@type":"ImageObject","inLanguage":"es","@id":"https:\/\/dioceseofocstg.wpengine.com\/es\/#\/schema\/logo\/image\/","url":"https:\/\/dioceseofocstg.wpengine.com\/wp-content\/uploads\/2021\/12\/logo-black.png","contentUrl":"https:\/\/dioceseofocstg.wpengine.com\/wp-content\/uploads\/2021\/12\/logo-black.png","width":215,"height":59,"caption":"Di\u00f3cesis Cat\u00f3lica Romana de Orange"},"image":{"@id":"https:\/\/dioceseofocstg.wpengine.com\/es\/#\/schema\/logo\/image\/"}}]}},"_links":{"self":[{"href":"https:\/\/dioceseofocstg.wpengine.com\/es\/wp-json\/wp\/v2\/pages\/114010","targetHints":{"allow":["GET"]}}],"collection":[{"href":"https:\/\/dioceseofocstg.wpengine.com\/es\/wp-json\/wp\/v2\/pages"}],"about":[{"href":"https:\/\/dioceseofocstg.wpengine.com\/es\/wp-json\/wp\/v2\/types\/page"}],"author":[{"embeddable":true,"href":"https:\/\/dioceseofocstg.wpengine.com\/es\/wp-json\/wp\/v2\/users\/1"}],"replies":[{"embeddable":true,"href":"https:\/\/dioceseofocstg.wpengine.com\/es\/wp-json\/wp\/v2\/comments?post=114010"}],"version-history":[{"count":0,"href":"https:\/\/dioceseofocstg.wpengine.com\/es\/wp-json\/wp\/v2\/pages\/114010\/revisions"}],"wp:attachment":[{"href":"https:\/\/dioceseofocstg.wpengine.com\/es\/wp-json\/wp\/v2\/media?parent=114010"}],"wp:term":[{"taxonomy":"author","embeddable":true,"href":"https:\/\/dioceseofocstg.wpengine.com\/es\/wp-json\/wp\/v2\/coauthors?post=114010"}],"curies":[{"name":"wp","href":"https:\/\/api.w.org\/{rel}","templated":true}]}}