{"id":116668,"date":"2023-02-28T23:24:34","date_gmt":"2023-03-01T07:24:34","guid":{"rendered":"https:\/\/dioceseofocstg.wpengine.com\/faq\/"},"modified":"2023-02-28T23:27:40","modified_gmt":"2023-03-01T07:27:40","slug":"faq","status":"publish","type":"page","link":"https:\/\/dioceseofocstg.wpengine.com\/es\/faq\/","title":{"rendered":"Preguntas m\u00e1s frecuentes"},"content":{"rendered":"<div  class=\"ewd-ufaq-faq-list ewd-ufaq-page-type-distinct\" id='ewd-ufaq-faq-list'>\n\n\t<input type='hidden' name='show_on_load' value='' id='ewd-ufaq-show-on-load' \/>\n<input type='hidden' name='include_category' value='' id='ewd-ufaq-include-category' \/>\n<input type='hidden' name='exclude_category' value='' id='ewd-ufaq-exclude-category' \/>\n<input type='hidden' name='orderby' value='modified' id='ewd-ufaq-orderby' \/>\n<input type='hidden' name='order' value='asc' id='ewd-ufaq-order' \/>\n<input type='hidden' name='post_count' value='-1' id='ewd-ufaq-post-count' \/>\n<input type='hidden' name='current_url' value='\/es\/wp-json\/wp\/v2\/pages\/116668' id='ewd-ufaq-current-url' \/>\n\t\n\t\n\t<div class='ewd-ufaq-faqs'>\n\n\t\t<div  class=\"ewd-ufaq-faq-div ewd-ufaq-faq-column-count-one ewd-ufaq-faq-responsive-columns- ewd-ufaq-faq-display-style-default ewd-ufaq-can-be-toggled\" id='ewd-ufaq-post-116783-YuOEt8B4n3' data-post_id='116783'>\n\n\t<div class='ewd-ufaq-faq-title ewd-ufaq-faq-toggle'>\n\t\n\t<a class='ewd-ufaq-post-margin'  href='#' role=\"button\">\n\n\t\t<div class='ewd-ufaq-post-margin-symbol ewd-ufaq-'>\n\t\t\t<span >A<\/span>\n\t\t<\/div>\n\n\t\t<div class='ewd-ufaq-faq-title-text'>\n\n\t\t\t<h4>\n\t\t\t\tPreguntas frecuentes: Bodas\t\t\t<\/h4>\n\n\t\t<\/div>\n\n\t\t<div class='ewd-ufaq-clear'><\/div>\n\n\t<\/a>\n\t\n<\/div>\n\t\n\t<div class='ewd-ufaq-faq-body ' >\n\n\t\t\n\t\t\t\n\t\t\n\t\t\t<div class='ewd-ufaq-post-margin ewd-ufaq-faq-post'>\n\t<p>Si desea informaci\u00f3n sobre una boda en la Di\u00f3cesis de Orange, p\u00f3ngase en contacto con su oficina parroquial local. Estamos agradecidos de asociarnos con usted en cualquiera de nuestras 57 iglesias en todo el Condado de Orange. Haga clic aqu\u00ed para <a href=\"\/directories\/parishes\/\">encontrar una parroquia<\/a> cerca de usted.<\/p>\n\n<p>Para consultas sobre bodas en la Catedral de Cristo, <a href=\"https:\/\/christcathedralcalifornia.org\/sacrament\/weddings\/\" target=\"_blank\" rel=\"noopener\">haga clic aqu\u00ed<\/a><\/p><\/div>\n\t\t\n\t\t\t\n\t\t\n\t\t\t\n\t\t\n\t\t\t\n\t\t\n\t\t\t\n\t\t\n\t\t\t\n\t\t\n\t\t\t\n\t\t\n\t\t\t\n\t\t\n\t\t\t\n\t\t\n\t<\/div>\n\n<\/div>\n\t<\/div>\n\n\t\n<\/div>","protected":false},"excerpt":{"rendered":"A Preguntas frecuentes: Bodas Si desea informaci\u00f3n sobre una boda en la Di\u00f3cesis de Orange, p\u00f3ngase en contacto con su oficina parroquial local. Estamos agradecidos de asociarnos con usted en cualquiera de nuestras 57 iglesias en todo el Condado de Orange. Haga clic aqu\u00ed para encontrar una parroquia cerca de usted. Para consultas sobre bodas&#8230;","protected":false},"author":1,"featured_media":9611,"parent":0,"menu_order":0,"comment_status":"closed","ping_status":"closed","template":"","meta":{"_acf_changed":false,"passster_activate_protection":false,"passster_protect_child_pages":"","passster_protection_type":"password","passster_password":"","passster_activate_overwrite_defaults":"","passster_headline":"","passster_instruction":"","passster_placeholder":"","passster_button":"","passster_id":"","passster_activate_misc_settings":"","passster_redirect_url":"","passster_hide":"no","passster_area_shortcode":"","footnotes":""},"coauthors":[2407],"class_list":["post-116668","page","type-page","status-publish","has-post-thumbnail","hentry","entry"],"acf":[],"yoast_head":"<!-- This site is optimized with the Yoast SEO plugin v24.8.1 - https:\/\/yoast.com\/wordpress\/plugins\/seo\/ -->\n<title>Preguntas m\u00e1s frecuentes - nombre del RCBO<\/title>\n<meta name=\"robots\" content=\"noindex, follow, max-snippet:-1, max-image-preview:large, max-video-preview:-1\" \/>\n<meta property=\"og:locale\" content=\"es_ES\" \/>\n<meta property=\"og:type\" content=\"article\" \/>\n<meta property=\"og:title\" content=\"Preguntas m\u00e1s frecuentes - nombre del RCBO\" \/>\n<meta property=\"og:description\" content=\"A Preguntas frecuentes: Bodas Si desea informaci\u00f3n sobre una boda en la Di\u00f3cesis de Orange, p\u00f3ngase en contacto con su oficina parroquial local. Estamos agradecidos de asociarnos con usted en cualquiera de nuestras 57 iglesias en todo el Condado de Orange. Haga clic aqu\u00ed para encontrar una parroquia cerca de usted. Para consultas sobre bodas...\" \/>\n<meta property=\"og:url\" content=\"https:\/\/dioceseofocstg.wpengine.com\/es\/faq\/\" \/>\n<meta property=\"og:site_name\" content=\"RCBO\" \/>\n<meta property=\"article:modified_time\" content=\"2023-03-01T07:27:40+00:00\" \/>\n<meta property=\"og:image\" content=\"https:\/\/dioceseofocstg.wpengine.com\/wp-content\/uploads\/2022\/02\/Banner_07-2c.jpg\" \/>\n\t<meta property=\"og:image:width\" content=\"2000\" \/>\n\t<meta property=\"og:image:height\" content=\"1016\" \/>\n\t<meta property=\"og:image:type\" content=\"image\/jpeg\" \/>\n<meta name=\"twitter:card\" content=\"summary_large_image\" \/>\n<meta name=\"twitter:label1\" content=\"Written by\" \/>\n\t<meta name=\"twitter:data1\" content=\"rcbo\" \/>\n<script type=\"application\/ld+json\" class=\"yoast-schema-graph\">{\"@context\":\"https:\/\/schema.org\",\"@graph\":[{\"@type\":\"WebPage\",\"@id\":\"https:\/\/dioceseofocstg.wpengine.com\/es\/faq\/\",\"url\":\"https:\/\/dioceseofocstg.wpengine.com\/es\/faq\/\",\"name\":\"Preguntas m\u00e1s frecuentes - nombre del RCBO\",\"isPartOf\":{\"@id\":\"https:\/\/dioceseofocstg.wpengine.com\/es\/#website\"},\"primaryImageOfPage\":{\"@id\":\"https:\/\/dioceseofocstg.wpengine.com\/es\/faq\/#primaryimage\"},\"image\":{\"@id\":\"https:\/\/dioceseofocstg.wpengine.com\/es\/faq\/#primaryimage\"},\"thumbnailUrl\":\"https:\/\/dioceseofocstg.wpengine.com\/wp-content\/uploads\/2022\/02\/Banner_07-2c.jpg\",\"datePublished\":\"2023-03-01T07:24:34+00:00\",\"dateModified\":\"2023-03-01T07:27:40+00:00\",\"inLanguage\":\"es\",\"potentialAction\":[{\"@type\":\"ReadAction\",\"target\":[\"https:\/\/dioceseofocstg.wpengine.com\/es\/faq\/\"]}]},{\"@type\":\"ImageObject\",\"inLanguage\":\"es\",\"@id\":\"https:\/\/dioceseofocstg.wpengine.com\/es\/faq\/#primaryimage\",\"url\":\"https:\/\/dioceseofocstg.wpengine.com\/wp-content\/uploads\/2022\/02\/Banner_07-2c.jpg\",\"contentUrl\":\"https:\/\/dioceseofocstg.wpengine.com\/wp-content\/uploads\/2022\/02\/Banner_07-2c.jpg\",\"width\":2000,\"height\":1016},{\"@type\":\"WebSite\",\"@id\":\"https:\/\/dioceseofocstg.wpengine.com\/es\/#website\",\"url\":\"https:\/\/dioceseofocstg.wpengine.com\/es\/\",\"name\":\"RCBO\",\"description\":\"The Roman Catholic Diocese of Orange\",\"publisher\":{\"@id\":\"https:\/\/dioceseofocstg.wpengine.com\/es\/#organization\"},\"potentialAction\":[{\"@type\":\"SearchAction\",\"target\":{\"@type\":\"EntryPoint\",\"urlTemplate\":\"https:\/\/dioceseofocstg.wpengine.com\/es\/?s={search_term_string}\"},\"query-input\":{\"@type\":\"PropertyValueSpecification\",\"valueRequired\":true,\"valueName\":\"search_term_string\"}}],\"inLanguage\":\"es\"},{\"@type\":\"Organization\",\"@id\":\"https:\/\/dioceseofocstg.wpengine.com\/es\/#organization\",\"name\":\"Di\u00f3cesis Cat\u00f3lica Romana de Orange\",\"alternateName\":\"RCBO\",\"url\":\"https:\/\/dioceseofocstg.wpengine.com\/es\/\",\"logo\":{\"@type\":\"ImageObject\",\"inLanguage\":\"es\",\"@id\":\"https:\/\/dioceseofocstg.wpengine.com\/es\/#\/schema\/logo\/image\/\",\"url\":\"https:\/\/dioceseofocstg.wpengine.com\/wp-content\/uploads\/2021\/12\/logo-black.png\",\"contentUrl\":\"https:\/\/dioceseofocstg.wpengine.com\/wp-content\/uploads\/2021\/12\/logo-black.png\",\"width\":215,\"height\":59,\"caption\":\"Di\u00f3cesis Cat\u00f3lica Romana de Orange\"},\"image\":{\"@id\":\"https:\/\/dioceseofocstg.wpengine.com\/es\/#\/schema\/logo\/image\/\"}}]}<\/script>\n<!-- \/ Yoast SEO plugin. -->","yoast_head_json":{"title":"Preguntas m\u00e1s frecuentes - nombre del RCBO","robots":{"index":"noindex","follow":"follow","max-snippet":"max-snippet:-1","max-image-preview":"max-image-preview:large","max-video-preview":"max-video-preview:-1"},"og_locale":"es_ES","og_type":"article","og_title":"Preguntas m\u00e1s frecuentes - nombre del RCBO","og_description":"A Preguntas frecuentes: Bodas Si desea informaci\u00f3n sobre una boda en la Di\u00f3cesis de Orange, p\u00f3ngase en contacto con su oficina parroquial local. Estamos agradecidos de asociarnos con usted en cualquiera de nuestras 57 iglesias en todo el Condado de Orange. Haga clic aqu\u00ed para encontrar una parroquia cerca de usted. Para consultas sobre bodas...","og_url":"https:\/\/dioceseofocstg.wpengine.com\/es\/faq\/","og_site_name":"RCBO","article_modified_time":"2023-03-01T07:27:40+00:00","og_image":[{"width":2000,"height":1016,"url":"https:\/\/dioceseofocstg.wpengine.com\/wp-content\/uploads\/2022\/02\/Banner_07-2c.jpg","type":"image\/jpeg"}],"twitter_card":"summary_large_image","twitter_misc":{"Written by":"rcbo"},"schema":{"@context":"https:\/\/schema.org","@graph":[{"@type":"WebPage","@id":"https:\/\/dioceseofocstg.wpengine.com\/es\/faq\/","url":"https:\/\/dioceseofocstg.wpengine.com\/es\/faq\/","name":"Preguntas m\u00e1s frecuentes - nombre del RCBO","isPartOf":{"@id":"https:\/\/dioceseofocstg.wpengine.com\/es\/#website"},"primaryImageOfPage":{"@id":"https:\/\/dioceseofocstg.wpengine.com\/es\/faq\/#primaryimage"},"image":{"@id":"https:\/\/dioceseofocstg.wpengine.com\/es\/faq\/#primaryimage"},"thumbnailUrl":"https:\/\/dioceseofocstg.wpengine.com\/wp-content\/uploads\/2022\/02\/Banner_07-2c.jpg","datePublished":"2023-03-01T07:24:34+00:00","dateModified":"2023-03-01T07:27:40+00:00","inLanguage":"es","potentialAction":[{"@type":"ReadAction","target":["https:\/\/dioceseofocstg.wpengine.com\/es\/faq\/"]}]},{"@type":"ImageObject","inLanguage":"es","@id":"https:\/\/dioceseofocstg.wpengine.com\/es\/faq\/#primaryimage","url":"https:\/\/dioceseofocstg.wpengine.com\/wp-content\/uploads\/2022\/02\/Banner_07-2c.jpg","contentUrl":"https:\/\/dioceseofocstg.wpengine.com\/wp-content\/uploads\/2022\/02\/Banner_07-2c.jpg","width":2000,"height":1016},{"@type":"WebSite","@id":"https:\/\/dioceseofocstg.wpengine.com\/es\/#website","url":"https:\/\/dioceseofocstg.wpengine.com\/es\/","name":"RCBO","description":"The Roman Catholic Diocese of Orange","publisher":{"@id":"https:\/\/dioceseofocstg.wpengine.com\/es\/#organization"},"potentialAction":[{"@type":"SearchAction","target":{"@type":"EntryPoint","urlTemplate":"https:\/\/dioceseofocstg.wpengine.com\/es\/?s={search_term_string}"},"query-input":{"@type":"PropertyValueSpecification","valueRequired":true,"valueName":"search_term_string"}}],"inLanguage":"es"},{"@type":"Organization","@id":"https:\/\/dioceseofocstg.wpengine.com\/es\/#organization","name":"Di\u00f3cesis Cat\u00f3lica Romana de Orange","alternateName":"RCBO","url":"https:\/\/dioceseofocstg.wpengine.com\/es\/","logo":{"@type":"ImageObject","inLanguage":"es","@id":"https:\/\/dioceseofocstg.wpengine.com\/es\/#\/schema\/logo\/image\/","url":"https:\/\/dioceseofocstg.wpengine.com\/wp-content\/uploads\/2021\/12\/logo-black.png","contentUrl":"https:\/\/dioceseofocstg.wpengine.com\/wp-content\/uploads\/2021\/12\/logo-black.png","width":215,"height":59,"caption":"Di\u00f3cesis Cat\u00f3lica Romana de Orange"},"image":{"@id":"https:\/\/dioceseofocstg.wpengine.com\/es\/#\/schema\/logo\/image\/"}}]}},"_links":{"self":[{"href":"https:\/\/dioceseofocstg.wpengine.com\/es\/wp-json\/wp\/v2\/pages\/116668","targetHints":{"allow":["GET"]}}],"collection":[{"href":"https:\/\/dioceseofocstg.wpengine.com\/es\/wp-json\/wp\/v2\/pages"}],"about":[{"href":"https:\/\/dioceseofocstg.wpengine.com\/es\/wp-json\/wp\/v2\/types\/page"}],"author":[{"embeddable":true,"href":"https:\/\/dioceseofocstg.wpengine.com\/es\/wp-json\/wp\/v2\/users\/1"}],"replies":[{"embeddable":true,"href":"https:\/\/dioceseofocstg.wpengine.com\/es\/wp-json\/wp\/v2\/comments?post=116668"}],"version-history":[{"count":0,"href":"https:\/\/dioceseofocstg.wpengine.com\/es\/wp-json\/wp\/v2\/pages\/116668\/revisions"}],"wp:featuredmedia":[{"embeddable":true,"href":"https:\/\/dioceseofocstg.wpengine.com\/es\/wp-json\/wp\/v2\/media\/9611"}],"wp:attachment":[{"href":"https:\/\/dioceseofocstg.wpengine.com\/es\/wp-json\/wp\/v2\/media?parent=116668"}],"wp:term":[{"taxonomy":"author","embeddable":true,"href":"https:\/\/dioceseofocstg.wpengine.com\/es\/wp-json\/wp\/v2\/coauthors?post=116668"}],"curies":[{"name":"wp","href":"https:\/\/api.w.org\/{rel}","templated":true}]}}