{"id":12821,"date":"2022-01-13T12:19:28","date_gmt":"2022-01-13T12:19:28","guid":{"rendered":"https:\/\/rcbo.org\/financial-statements\/"},"modified":"2023-01-23T04:50:43","modified_gmt":"2023-01-23T12:50:43","slug":"financial-statements","status":"publish","type":"page","link":"https:\/\/dioceseofocstg.wpengine.com\/es\/financial-statements\/","title":{"rendered":"Estados financieros"},"content":{"rendered":"\t\t<div data-elementor-type=\"wp-page\" data-elementor-id=\"12821\" class=\"elementor elementor-12821 elementor-5186\" data-elementor-post-type=\"page\">\n\t\t\t\t\t\t<section class=\"elementor-section elementor-top-section elementor-element elementor-element-878b4ae elementor-section-boxed elementor-section-height-default elementor-section-height-default\" data-id=\"878b4ae\" data-element_type=\"section\">\n\t\t\t\t\t\t<div class=\"elementor-container elementor-column-gap-default\">\n\t\t\t\t\t<div class=\"elementor-column elementor-col-100 elementor-top-column elementor-element elementor-element-1ef3052\" data-id=\"1ef3052\" data-element_type=\"column\">\n\t\t\t<div class=\"elementor-widget-wrap elementor-element-populated\">\n\t\t\t\t\t\t<div class=\"elementor-element elementor-element-b93bec9 elementor-widget elementor-widget-heading\" data-id=\"b93bec9\" data-element_type=\"widget\" data-widget_type=\"heading.default\">\n\t\t\t\t<div class=\"elementor-widget-container\">\n\t\t\t<h2 class=\"elementor-heading-title elementor-size-default\">Financial Statements<\/h2>\t\t<\/div>\n\t\t\t\t<\/div>\n\t\t\t\t<div class=\"elementor-element elementor-element-24ab809 elementor-widget elementor-widget-text-editor\" data-id=\"24ab809\" data-element_type=\"widget\" data-widget_type=\"text-editor.default\">\n\t\t\t\t<div class=\"elementor-widget-container\">\n\t\t\t\t\t\t\t<ul>\n<li><strong><a href=\"\" rel=\"\">Ver el estado financiero de la Di\u00f3cesis de Orange para 2020-2021<\/a><\/strong><\/li>\n<li><strong><a href=\"\" rel=\"\">Ver el estado financiero de la Di\u00f3cesis de Orange para 2019-2020<\/a><\/strong><\/li>\n<li><strong><a href=\"\" rel=\"\">Ver el estado financiero de la Di\u00f3cesis de Orange para 2018-2019<\/a><\/strong><\/li>\n<li><strong><a href=\"\" rel=\"\">Ver el estado financiero de la Di\u00f3cesis de Orange para 2017-2018<\/a><\/strong><\/li>\n<li><strong><a href=\"\" rel=\"\">Ver el estado financiero de la Di\u00f3cesis de Orange para 2016-2017<\/a><\/strong><\/li>\n<\/ul>\t\t\t\t\t\t<\/div>\n\t\t\t\t<\/div>\n\t\t\t\t\t<\/div>\n\t\t<\/div>\n\t\t\t\t\t<\/div>\n\t\t<\/section>\n\t\t\t\t<\/div>\n\t\t","protected":false},"excerpt":{"rendered":"Financial Statements Ver el estado financiero de la Di\u00f3cesis de Orange para 2020-2021 Ver el estado financiero de la Di\u00f3cesis de Orange para 2019-2020 Ver el estado financiero de la Di\u00f3cesis de Orange para 2018-2019 Ver el estado financiero de la Di\u00f3cesis de Orange para 2017-2018 Ver el estado financiero de la Di\u00f3cesis de Orange&#8230;","protected":false},"author":1,"featured_media":0,"parent":0,"menu_order":0,"comment_status":"closed","ping_status":"closed","template":"","meta":{"_acf_changed":false,"passster_activate_protection":false,"passster_protect_child_pages":"","passster_protection_type":"password","passster_password":"","passster_activate_overwrite_defaults":"","passster_headline":"","passster_instruction":"","passster_placeholder":"","passster_button":"","passster_id":"","passster_activate_misc_settings":"","passster_redirect_url":"","passster_hide":"no","passster_area_shortcode":"","footnotes":""},"coauthors":[],"class_list":["post-12821","page","type-page","status-publish","hentry","entry"],"acf":[],"yoast_head":"<!-- This site is optimized with the Yoast SEO plugin v24.8.1 - https:\/\/yoast.com\/wordpress\/plugins\/seo\/ -->\n<title>Estados financieros - nombre del RCBO<\/title>\n<meta name=\"robots\" content=\"noindex, follow, max-snippet:-1, max-image-preview:large, max-video-preview:-1\" \/>\n<meta property=\"og:locale\" content=\"es_ES\" \/>\n<meta property=\"og:type\" content=\"article\" \/>\n<meta property=\"og:title\" content=\"Estados financieros - nombre del RCBO\" \/>\n<meta property=\"og:description\" content=\"Financial Statements Ver el estado financiero de la Di\u00f3cesis de Orange para 2020-2021 Ver el estado financiero de la Di\u00f3cesis de Orange para 2019-2020 Ver el estado financiero de la Di\u00f3cesis de Orange para 2018-2019 Ver el estado financiero de la Di\u00f3cesis de Orange para 2017-2018 Ver el estado financiero de la Di\u00f3cesis de Orange...\" \/>\n<meta property=\"og:url\" content=\"https:\/\/dioceseofocstg.wpengine.com\/es\/financial-statements\/\" \/>\n<meta property=\"og:site_name\" content=\"RCBO\" \/>\n<meta property=\"article:modified_time\" content=\"2023-01-23T12:50:43+00:00\" \/>\n<meta name=\"twitter:card\" content=\"summary_large_image\" \/>\n<meta name=\"twitter:label1\" content=\"Tiempo de lectura\" \/>\n\t<meta name=\"twitter:data1\" content=\"1 minuto\" \/>\n\t<meta name=\"twitter:label2\" content=\"Written by\" \/>\n\t<meta name=\"twitter:data2\" content=\"rcbo\" \/>\n<script type=\"application\/ld+json\" class=\"yoast-schema-graph\">{\"@context\":\"https:\/\/schema.org\",\"@graph\":[{\"@type\":\"WebPage\",\"@id\":\"https:\/\/dioceseofocstg.wpengine.com\/es\/financial-statements\/\",\"url\":\"https:\/\/dioceseofocstg.wpengine.com\/es\/financial-statements\/\",\"name\":\"Estados financieros - nombre del RCBO\",\"isPartOf\":{\"@id\":\"https:\/\/dioceseofocstg.wpengine.com\/es\/#website\"},\"datePublished\":\"2022-01-13T12:19:28+00:00\",\"dateModified\":\"2023-01-23T12:50:43+00:00\",\"inLanguage\":\"es\",\"potentialAction\":[{\"@type\":\"ReadAction\",\"target\":[\"https:\/\/dioceseofocstg.wpengine.com\/es\/financial-statements\/\"]}]},{\"@type\":\"WebSite\",\"@id\":\"https:\/\/dioceseofocstg.wpengine.com\/es\/#website\",\"url\":\"https:\/\/dioceseofocstg.wpengine.com\/es\/\",\"name\":\"RCBO\",\"description\":\"The Roman Catholic Diocese of Orange\",\"publisher\":{\"@id\":\"https:\/\/dioceseofocstg.wpengine.com\/es\/#organization\"},\"potentialAction\":[{\"@type\":\"SearchAction\",\"target\":{\"@type\":\"EntryPoint\",\"urlTemplate\":\"https:\/\/dioceseofocstg.wpengine.com\/es\/?s={search_term_string}\"},\"query-input\":{\"@type\":\"PropertyValueSpecification\",\"valueRequired\":true,\"valueName\":\"search_term_string\"}}],\"inLanguage\":\"es\"},{\"@type\":\"Organization\",\"@id\":\"https:\/\/dioceseofocstg.wpengine.com\/es\/#organization\",\"name\":\"Di\u00f3cesis Cat\u00f3lica Romana de Orange\",\"alternateName\":\"RCBO\",\"url\":\"https:\/\/dioceseofocstg.wpengine.com\/es\/\",\"logo\":{\"@type\":\"ImageObject\",\"inLanguage\":\"es\",\"@id\":\"https:\/\/dioceseofocstg.wpengine.com\/es\/#\/schema\/logo\/image\/\",\"url\":\"https:\/\/dioceseofocstg.wpengine.com\/wp-content\/uploads\/2021\/12\/logo-black.png\",\"contentUrl\":\"https:\/\/dioceseofocstg.wpengine.com\/wp-content\/uploads\/2021\/12\/logo-black.png\",\"width\":215,\"height\":59,\"caption\":\"Di\u00f3cesis Cat\u00f3lica Romana de Orange\"},\"image\":{\"@id\":\"https:\/\/dioceseofocstg.wpengine.com\/es\/#\/schema\/logo\/image\/\"}}]}<\/script>\n<!-- \/ Yoast SEO plugin. -->","yoast_head_json":{"title":"Estados financieros - nombre del RCBO","robots":{"index":"noindex","follow":"follow","max-snippet":"max-snippet:-1","max-image-preview":"max-image-preview:large","max-video-preview":"max-video-preview:-1"},"og_locale":"es_ES","og_type":"article","og_title":"Estados financieros - nombre del RCBO","og_description":"Financial Statements Ver el estado financiero de la Di\u00f3cesis de Orange para 2020-2021 Ver el estado financiero de la Di\u00f3cesis de Orange para 2019-2020 Ver el estado financiero de la Di\u00f3cesis de Orange para 2018-2019 Ver el estado financiero de la Di\u00f3cesis de Orange para 2017-2018 Ver el estado financiero de la Di\u00f3cesis de Orange...","og_url":"https:\/\/dioceseofocstg.wpengine.com\/es\/financial-statements\/","og_site_name":"RCBO","article_modified_time":"2023-01-23T12:50:43+00:00","twitter_card":"summary_large_image","twitter_misc":{"Tiempo de lectura":"1 minuto","Written by":"rcbo"},"schema":{"@context":"https:\/\/schema.org","@graph":[{"@type":"WebPage","@id":"https:\/\/dioceseofocstg.wpengine.com\/es\/financial-statements\/","url":"https:\/\/dioceseofocstg.wpengine.com\/es\/financial-statements\/","name":"Estados financieros - nombre del RCBO","isPartOf":{"@id":"https:\/\/dioceseofocstg.wpengine.com\/es\/#website"},"datePublished":"2022-01-13T12:19:28+00:00","dateModified":"2023-01-23T12:50:43+00:00","inLanguage":"es","potentialAction":[{"@type":"ReadAction","target":["https:\/\/dioceseofocstg.wpengine.com\/es\/financial-statements\/"]}]},{"@type":"WebSite","@id":"https:\/\/dioceseofocstg.wpengine.com\/es\/#website","url":"https:\/\/dioceseofocstg.wpengine.com\/es\/","name":"RCBO","description":"The Roman Catholic Diocese of Orange","publisher":{"@id":"https:\/\/dioceseofocstg.wpengine.com\/es\/#organization"},"potentialAction":[{"@type":"SearchAction","target":{"@type":"EntryPoint","urlTemplate":"https:\/\/dioceseofocstg.wpengine.com\/es\/?s={search_term_string}"},"query-input":{"@type":"PropertyValueSpecification","valueRequired":true,"valueName":"search_term_string"}}],"inLanguage":"es"},{"@type":"Organization","@id":"https:\/\/dioceseofocstg.wpengine.com\/es\/#organization","name":"Di\u00f3cesis Cat\u00f3lica Romana de Orange","alternateName":"RCBO","url":"https:\/\/dioceseofocstg.wpengine.com\/es\/","logo":{"@type":"ImageObject","inLanguage":"es","@id":"https:\/\/dioceseofocstg.wpengine.com\/es\/#\/schema\/logo\/image\/","url":"https:\/\/dioceseofocstg.wpengine.com\/wp-content\/uploads\/2021\/12\/logo-black.png","contentUrl":"https:\/\/dioceseofocstg.wpengine.com\/wp-content\/uploads\/2021\/12\/logo-black.png","width":215,"height":59,"caption":"Di\u00f3cesis Cat\u00f3lica Romana de Orange"},"image":{"@id":"https:\/\/dioceseofocstg.wpengine.com\/es\/#\/schema\/logo\/image\/"}}]}},"_links":{"self":[{"href":"https:\/\/dioceseofocstg.wpengine.com\/es\/wp-json\/wp\/v2\/pages\/12821","targetHints":{"allow":["GET"]}}],"collection":[{"href":"https:\/\/dioceseofocstg.wpengine.com\/es\/wp-json\/wp\/v2\/pages"}],"about":[{"href":"https:\/\/dioceseofocstg.wpengine.com\/es\/wp-json\/wp\/v2\/types\/page"}],"author":[{"embeddable":true,"href":"https:\/\/dioceseofocstg.wpengine.com\/es\/wp-json\/wp\/v2\/users\/1"}],"replies":[{"embeddable":true,"href":"https:\/\/dioceseofocstg.wpengine.com\/es\/wp-json\/wp\/v2\/comments?post=12821"}],"version-history":[{"count":0,"href":"https:\/\/dioceseofocstg.wpengine.com\/es\/wp-json\/wp\/v2\/pages\/12821\/revisions"}],"wp:attachment":[{"href":"https:\/\/dioceseofocstg.wpengine.com\/es\/wp-json\/wp\/v2\/media?parent=12821"}],"wp:term":[{"taxonomy":"author","embeddable":true,"href":"https:\/\/dioceseofocstg.wpengine.com\/es\/wp-json\/wp\/v2\/coauthors?post=12821"}],"curies":[{"name":"wp","href":"https:\/\/api.w.org\/{rel}","templated":true}]}}